{"id":9502,"date":"2024-03-26T07:22:34","date_gmt":"2024-03-26T07:22:34","guid":{"rendered":"https:\/\/visix-france.fr\/merci-de-contacter-copy\/"},"modified":"2024-03-27T11:59:25","modified_gmt":"2024-03-27T11:59:25","slug":"merci-catalogue-digitale","status":"publish","type":"page","link":"https:\/\/visix.fr\/fr\/merci-catalogue-digitale\/","title":{"rendered":"Merci catalogue digitale"},"content":{"rendered":"\t\t<div data-elementor-type=\"wp-page\" data-elementor-id=\"9502\" class=\"elementor elementor-9502\">\n\t\t\t\t\t\t\t\t\t<section class=\"elementor-section elementor-top-section elementor-element elementor-element-b74e567 elementor-section-full_width elementor-section-height-default elementor-section-height-default\" data-id=\"b74e567\" data-element_type=\"section\">\n\t\t\t\t\t\t<div class=\"elementor-container elementor-column-gap-default\">\n\t\t\t\t\t<div class=\"elementor-column elementor-col-100 elementor-top-column elementor-element elementor-element-ce78262\" data-id=\"ce78262\" data-element_type=\"column\">\n\t\t\t<div class=\"elementor-widget-wrap elementor-element-populated\">\n\t\t\t\t\t\t\t\t<div class=\"elementor-element elementor-element-d6bbad1 elementor-hidden-desktop elementor-hidden-tablet elementor-hidden-mobile elementor-widget elementor-widget-template\" data-id=\"d6bbad1\" data-element_type=\"widget\" data-widget_type=\"template.default\">\n\t\t\t\t<div class=\"elementor-widget-container\">\n\t\t\t\t\t<div class=\"elementor-template\">\n\t\t\t\t\t<div data-elementor-type=\"section\" data-elementor-id=\"362\" class=\"elementor elementor-362\">\n\t\t\t\t\t\t\t\t<section class=\"elementor-section elementor-top-section elementor-element elementor-element-18474046 elementor-section-boxed elementor-section-height-default elementor-section-height-default\" data-id=\"18474046\" data-element_type=\"section\" data-settings=\"{&quot;background_background&quot;:&quot;classic&quot;}\">\n\t\t\t\t\t\t<div class=\"elementor-container elementor-column-gap-default\">\n\t\t\t\t\t<div class=\"elementor-column elementor-col-100 elementor-top-column elementor-element elementor-element-68b15ef9\" data-id=\"68b15ef9\" data-element_type=\"column\">\n\t\t\t<div class=\"elementor-widget-wrap elementor-element-populated\">\n\t\t\t\t\t\t\t\t<div class=\"elementor-element elementor-element-566ed32b elementor-align-left elementor-widget elementor-widget-breadcrumbs\" data-id=\"566ed32b\" data-element_type=\"widget\" data-widget_type=\"breadcrumbs.default\">\n\t\t\t\t<div class=\"elementor-widget-container\">\n\t\t\t<link rel=\"stylesheet\" href=\"https:\/\/visix.fr\/wp-content\/plugins\/elementor-pro\/assets\/css\/widget-theme-elements.min.css\"><p id=\"breadcrumbs\"><span><span><a href=\"https:\/\/visix.fr\/fr\/\">Home<\/a><\/span><\/p>\t\t<\/div>\n\t\t\t\t<\/div>\n\t\t\t\t\t<\/div>\n\t\t<\/div>\n\t\t\t\t\t\t\t<\/div>\n\t\t<\/section>\n\t\t\t\t\t\t<\/div>\n\t\t\t\t<\/div>\n\t\t\t\t<\/div>\n\t\t\t\t<\/div>\n\t\t\t\t\t<\/div>\n\t\t<\/div>\n\t\t\t\t\t\t\t<\/div>\n\t\t<\/section>\n\t\t\t\t<section class=\"elementor-section elementor-top-section elementor-element elementor-element-ede0097 elementor-section-boxed elementor-section-height-default elementor-section-height-default\" data-id=\"ede0097\" data-element_type=\"section\">\n\t\t\t\t\t\t<div class=\"elementor-container elementor-column-gap-default\">\n\t\t\t\t\t<div class=\"elementor-column elementor-col-100 elementor-top-column elementor-element elementor-element-15e0445\" data-id=\"15e0445\" data-element_type=\"column\">\n\t\t\t<div class=\"elementor-widget-wrap elementor-element-populated\">\n\t\t\t\t\t\t\t\t<div class=\"elementor-element elementor-element-266af5b elementor-widget elementor-widget-heading\" data-id=\"266af5b\" data-element_type=\"widget\" data-widget_type=\"heading.default\">\n\t\t\t\t<div class=\"elementor-widget-container\">\n\t\t\t<style>\/*! elementor - v3.11.5 - 14-03-2023 *\/\n.elementor-heading-title{padding:0;margin:0;line-height:1}.elementor-widget-heading .elementor-heading-title[class*=elementor-size-]>a{color:inherit;font-size:inherit;line-height:inherit}.elementor-widget-heading .elementor-heading-title.elementor-size-small{font-size:15px}.elementor-widget-heading .elementor-heading-title.elementor-size-medium{font-size:19px}.elementor-widget-heading .elementor-heading-title.elementor-size-large{font-size:29px}.elementor-widget-heading .elementor-heading-title.elementor-size-xl{font-size:39px}.elementor-widget-heading .elementor-heading-title.elementor-size-xxl{font-size:59px}<\/style><h2 class=\"elementor-heading-title elementor-size-default\">Merci de nous contacter<\/h2>\t\t<\/div>\n\t\t\t\t<\/div>\n\t\t\t\t<div class=\"elementor-element elementor-element-0bb6d07 elementor-widget elementor-widget-text-editor\" data-id=\"0bb6d07\" data-element_type=\"widget\" data-widget_type=\"text-editor.default\">\n\t\t\t\t<div class=\"elementor-widget-container\">\n\t\t\t<style>\/*! elementor - v3.11.5 - 14-03-2023 *\/\n.elementor-widget-text-editor.elementor-drop-cap-view-stacked .elementor-drop-cap{background-color:#818a91;color:#fff}.elementor-widget-text-editor.elementor-drop-cap-view-framed .elementor-drop-cap{color:#818a91;border:3px solid;background-color:transparent}.elementor-widget-text-editor:not(.elementor-drop-cap-view-default) .elementor-drop-cap{margin-top:8px}.elementor-widget-text-editor:not(.elementor-drop-cap-view-default) .elementor-drop-cap-letter{width:1em;height:1em}.elementor-widget-text-editor .elementor-drop-cap{float:left;text-align:center;line-height:1;font-size:50px}.elementor-widget-text-editor .elementor-drop-cap-letter{display:inline-block}<\/style>\t\t\t\t<div class=\"field field--name-field-p-text field--type-text-long field--label-hidden text-long\">\n<p>Vous pouvez t\u00e9l\u00e9charger le catalogue ci-dessous :<\/p>\n<\/div>\t\t\t\t\t\t<\/div>\n\t\t\t\t<\/div>\n\t\t\t\t<div class=\"elementor-element elementor-element-a22d892 elementor-align-center elementor-widget elementor-widget-button\" data-id=\"a22d892\" data-element_type=\"widget\" data-widget_type=\"button.default\">\n\t\t\t\t<div class=\"elementor-widget-container\">\n\t\t\t\t\t<div class=\"elementor-button-wrapper\">\n\t\t\t<a href=\"http:\/\/visix-france.fr\/wp-content\/uploads\/2023\/01\/catalogus_Visix_2022_FR.pdf\" target=\"_blank\" class=\"elementor-button-link elementor-button elementor-size-sm\" role=\"button\">\n\t\t\t\t\t\t<span class=\"elementor-button-content-wrapper\">\n\t\t\t\t\t\t<span class=\"elementor-button-text\">T\u00c9L\u00c9CHARGER LE CATALOGUE EN PDF<\/span>\n\t\t<\/span>\n\t\t\t\t\t<\/a>\n\t\t<\/div>\n\t\t\t\t<\/div>\n\t\t\t\t<\/div>\n\t\t\t\t<div class=\"elementor-element elementor-element-f401982 elementor-align-center elementor-widget elementor-widget-button\" data-id=\"f401982\" data-element_type=\"widget\" data-widget_type=\"button.default\">\n\t\t\t\t<div class=\"elementor-widget-container\">\n\t\t\t\t\t<div class=\"elementor-button-wrapper\">\n\t\t\t<a href=\"https:\/\/visix.fr\/fr\/\" class=\"elementor-button-link elementor-button elementor-size-sm\" role=\"button\">\n\t\t\t\t\t\t<span class=\"elementor-button-content-wrapper\">\n\t\t\t\t\t\t<span class=\"elementor-button-text\">Retour \u00e0 la page d'accueil<\/span>\n\t\t<\/span>\n\t\t\t\t\t<\/a>\n\t\t<\/div>\n\t\t\t\t<\/div>\n\t\t\t\t<\/div>\n\t\t\t\t\t<\/div>\n\t\t<\/div>\n\t\t\t\t\t\t\t<\/div>\n\t\t<\/section>\n\t\t\t\t\t\t\t<\/div>\n\t\t","protected":false},"excerpt":{"rendered":"<p>Merci de nous contacter Vous pouvez t\u00e9l\u00e9charger le catalogue ci-dessous : T\u00c9L\u00c9CHARGER LE CATALOGUE EN PDF Retour \u00e0 la page d&#8217;accueil<\/p>\n","protected":false},"author":1,"featured_media":0,"parent":0,"menu_order":0,"comment_status":"closed","ping_status":"closed","template":"elementor_header_footer","meta":{"content-type":"","footnotes":""},"yoast_head":"<!-- This site is optimized with the Yoast SEO plugin v19.11 - https:\/\/yoast.com\/wordpress\/plugins\/seo\/ -->\n<title>Merci catalogue digitale | Visix<\/title>\n<meta name=\"robots\" content=\"index, follow, max-snippet:-1, max-image-preview:large, max-video-preview:-1\" \/>\n<link rel=\"canonical\" href=\"https:\/\/visix.fr\/fr\/merci-catalogue-digitale\/\" \/>\n<meta property=\"og:locale\" content=\"fr_FR\" \/>\n<meta property=\"og:type\" content=\"article\" \/>\n<meta property=\"og:title\" content=\"Merci catalogue digitale | Visix\" \/>\n<meta property=\"og:description\" content=\"Merci de nous contacter Vous pouvez t\u00e9l\u00e9charger le catalogue ci-dessous : T\u00c9L\u00c9CHARGER LE CATALOGUE EN PDF Retour \u00e0 la page d&#8217;accueil\" \/>\n<meta property=\"og:url\" content=\"https:\/\/visix.fr\/fr\/merci-catalogue-digitale\/\" \/>\n<meta property=\"og:site_name\" content=\"Visix\" \/>\n<meta property=\"article:modified_time\" content=\"2024-03-27T11:59:25+00:00\" \/>\n<meta name=\"twitter:card\" content=\"summary_large_image\" \/>\n<script type=\"application\/ld+json\" class=\"yoast-schema-graph\">{\"@context\":\"https:\/\/schema.org\",\"@graph\":[{\"@type\":\"WebPage\",\"@id\":\"https:\/\/visix.fr\/fr\/merci-catalogue-digitale\/\",\"url\":\"https:\/\/visix.fr\/fr\/merci-catalogue-digitale\/\",\"name\":\"Merci catalogue digitale | Visix\",\"isPartOf\":{\"@id\":\"https:\/\/visix.fr\/fr\/#website\"},\"datePublished\":\"2024-03-26T07:22:34+00:00\",\"dateModified\":\"2024-03-27T11:59:25+00:00\",\"breadcrumb\":{\"@id\":\"https:\/\/visix.fr\/fr\/merci-catalogue-digitale\/#breadcrumb\"},\"inLanguage\":\"fr-FR\",\"potentialAction\":[{\"@type\":\"ReadAction\",\"target\":[\"https:\/\/visix.fr\/fr\/merci-catalogue-digitale\/\"]}]},{\"@type\":\"BreadcrumbList\",\"@id\":\"https:\/\/visix.fr\/fr\/merci-catalogue-digitale\/#breadcrumb\",\"itemListElement\":[{\"@type\":\"ListItem\",\"position\":1,\"name\":\"Home\",\"item\":\"https:\/\/visix.fr\/fr\/\"},{\"@type\":\"ListItem\",\"position\":2,\"name\":\"Merci catalogue digitale\"}]},{\"@type\":\"WebSite\",\"@id\":\"https:\/\/visix.fr\/fr\/#website\",\"url\":\"https:\/\/visix.fr\/fr\/\",\"name\":\"Visix\",\"description\":\"We make your brand shine\",\"publisher\":{\"@id\":\"https:\/\/visix.fr\/fr\/#organization\"},\"potentialAction\":[{\"@type\":\"SearchAction\",\"target\":{\"@type\":\"EntryPoint\",\"urlTemplate\":\"https:\/\/visix.fr\/fr\/?s={search_term_string}\"},\"query-input\":\"required name=search_term_string\"}],\"inLanguage\":\"fr-FR\"},{\"@type\":\"Organization\",\"@id\":\"https:\/\/visix.fr\/fr\/#organization\",\"name\":\"Visix\",\"url\":\"https:\/\/visix.fr\/fr\/\",\"logo\":{\"@type\":\"ImageObject\",\"inLanguage\":\"fr-FR\",\"@id\":\"https:\/\/visix.fr\/fr\/#\/schema\/logo\/image\/\",\"url\":\"https:\/\/visix.fr\/wp-content\/uploads\/2022\/11\/LOGO_PMS_Visix_Brand-Shiners_Registered-04.svg\",\"contentUrl\":\"https:\/\/visix.fr\/wp-content\/uploads\/2022\/11\/LOGO_PMS_Visix_Brand-Shiners_Registered-04.svg\",\"width\":203,\"height\":39,\"caption\":\"Visix\"},\"image\":{\"@id\":\"https:\/\/visix.fr\/fr\/#\/schema\/logo\/image\/\"}}]}<\/script>\n<!-- \/ Yoast SEO plugin. -->","yoast_head_json":{"title":"Merci catalogue digitale | Visix","robots":{"index":"index","follow":"follow","max-snippet":"max-snippet:-1","max-image-preview":"max-image-preview:large","max-video-preview":"max-video-preview:-1"},"canonical":"https:\/\/visix.fr\/fr\/merci-catalogue-digitale\/","og_locale":"fr_FR","og_type":"article","og_title":"Merci catalogue digitale | Visix","og_description":"Merci de nous contacter Vous pouvez t\u00e9l\u00e9charger le catalogue ci-dessous : T\u00c9L\u00c9CHARGER LE CATALOGUE EN PDF Retour \u00e0 la page d&#8217;accueil","og_url":"https:\/\/visix.fr\/fr\/merci-catalogue-digitale\/","og_site_name":"Visix","article_modified_time":"2024-03-27T11:59:25+00:00","twitter_card":"summary_large_image","schema":{"@context":"https:\/\/schema.org","@graph":[{"@type":"WebPage","@id":"https:\/\/visix.fr\/fr\/merci-catalogue-digitale\/","url":"https:\/\/visix.fr\/fr\/merci-catalogue-digitale\/","name":"Merci catalogue digitale | Visix","isPartOf":{"@id":"https:\/\/visix.fr\/fr\/#website"},"datePublished":"2024-03-26T07:22:34+00:00","dateModified":"2024-03-27T11:59:25+00:00","breadcrumb":{"@id":"https:\/\/visix.fr\/fr\/merci-catalogue-digitale\/#breadcrumb"},"inLanguage":"fr-FR","potentialAction":[{"@type":"ReadAction","target":["https:\/\/visix.fr\/fr\/merci-catalogue-digitale\/"]}]},{"@type":"BreadcrumbList","@id":"https:\/\/visix.fr\/fr\/merci-catalogue-digitale\/#breadcrumb","itemListElement":[{"@type":"ListItem","position":1,"name":"Home","item":"https:\/\/visix.fr\/fr\/"},{"@type":"ListItem","position":2,"name":"Merci catalogue digitale"}]},{"@type":"WebSite","@id":"https:\/\/visix.fr\/fr\/#website","url":"https:\/\/visix.fr\/fr\/","name":"Visix","description":"We make your brand shine","publisher":{"@id":"https:\/\/visix.fr\/fr\/#organization"},"potentialAction":[{"@type":"SearchAction","target":{"@type":"EntryPoint","urlTemplate":"https:\/\/visix.fr\/fr\/?s={search_term_string}"},"query-input":"required name=search_term_string"}],"inLanguage":"fr-FR"},{"@type":"Organization","@id":"https:\/\/visix.fr\/fr\/#organization","name":"Visix","url":"https:\/\/visix.fr\/fr\/","logo":{"@type":"ImageObject","inLanguage":"fr-FR","@id":"https:\/\/visix.fr\/fr\/#\/schema\/logo\/image\/","url":"https:\/\/visix.fr\/wp-content\/uploads\/2022\/11\/LOGO_PMS_Visix_Brand-Shiners_Registered-04.svg","contentUrl":"https:\/\/visix.fr\/wp-content\/uploads\/2022\/11\/LOGO_PMS_Visix_Brand-Shiners_Registered-04.svg","width":203,"height":39,"caption":"Visix"},"image":{"@id":"https:\/\/visix.fr\/fr\/#\/schema\/logo\/image\/"}}]}},"_links":{"self":[{"href":"https:\/\/visix.fr\/fr\/wp-json\/wp\/v2\/pages\/9502"}],"collection":[{"href":"https:\/\/visix.fr\/fr\/wp-json\/wp\/v2\/pages"}],"about":[{"href":"https:\/\/visix.fr\/fr\/wp-json\/wp\/v2\/types\/page"}],"author":[{"embeddable":true,"href":"https:\/\/visix.fr\/fr\/wp-json\/wp\/v2\/users\/1"}],"replies":[{"embeddable":true,"href":"https:\/\/visix.fr\/fr\/wp-json\/wp\/v2\/comments?post=9502"}],"version-history":[{"count":6,"href":"https:\/\/visix.fr\/fr\/wp-json\/wp\/v2\/pages\/9502\/revisions"}],"predecessor-version":[{"id":9518,"href":"https:\/\/visix.fr\/fr\/wp-json\/wp\/v2\/pages\/9502\/revisions\/9518"}],"wp:attachment":[{"href":"https:\/\/visix.fr\/fr\/wp-json\/wp\/v2\/media?parent=9502"}],"curies":[{"name":"wp","href":"https:\/\/api.w.org\/{rel}","templated":true}]}}