{"id":5146,"date":"2023-02-03T13:40:13","date_gmt":"2023-02-03T13:40:13","guid":{"rendered":"http:\/\/visix-france.fr\/categories-de-produits\/drapeaux-et-mats\/"},"modified":"2023-12-19T15:57:23","modified_gmt":"2023-12-19T15:57:23","slug":"drapeaux-et-mats","status":"publish","type":"page","link":"https:\/\/visix.fr\/fr\/produits\/drapeaux-et-mats\/","title":{"rendered":"Drapeaux et M\u00e2ts"},"content":{"rendered":"\t\t<div data-elementor-type=\"wp-page\" data-elementor-id=\"5146\" class=\"elementor elementor-5146\">\n\t\t\t\t\t\t\t\t\t<section class=\"elementor-section elementor-top-section elementor-element elementor-element-e350907 elementor-section-boxed elementor-section-height-default elementor-section-height-default\" data-id=\"e350907\" data-element_type=\"section\">\n\t\t\t\t\t\t<div class=\"elementor-container elementor-column-gap-default\">\n\t\t\t\t\t<div class=\"elementor-column elementor-col-100 elementor-top-column elementor-element elementor-element-287fbfc\" data-id=\"287fbfc\" data-element_type=\"column\">\n\t\t\t<div class=\"elementor-widget-wrap elementor-element-populated\">\n\t\t\t\t\t\t\t\t<div class=\"elementor-element elementor-element-94b7f7d elementor-widget elementor-widget-template\" data-id=\"94b7f7d\" data-element_type=\"widget\" data-widget_type=\"template.default\">\n\t\t\t\t<div class=\"elementor-widget-container\">\n\t\t\t\t\t<div class=\"elementor-template\">\n\t\t\t\t\t<div data-elementor-type=\"section\" data-elementor-id=\"362\" class=\"elementor elementor-362\">\n\t\t\t\t\t\t\t\t<section class=\"elementor-section elementor-top-section elementor-element elementor-element-18474046 elementor-section-boxed elementor-section-height-default elementor-section-height-default\" data-id=\"18474046\" data-element_type=\"section\" data-settings=\"{&quot;background_background&quot;:&quot;classic&quot;}\">\n\t\t\t\t\t\t<div class=\"elementor-container elementor-column-gap-default\">\n\t\t\t\t\t<div class=\"elementor-column elementor-col-100 elementor-top-column elementor-element elementor-element-68b15ef9\" data-id=\"68b15ef9\" data-element_type=\"column\">\n\t\t\t<div class=\"elementor-widget-wrap elementor-element-populated\">\n\t\t\t\t\t\t\t\t<div class=\"elementor-element elementor-element-566ed32b elementor-align-left elementor-widget elementor-widget-breadcrumbs\" data-id=\"566ed32b\" data-element_type=\"widget\" data-widget_type=\"breadcrumbs.default\">\n\t\t\t\t<div class=\"elementor-widget-container\">\n\t\t\t<link rel=\"stylesheet\" href=\"https:\/\/visix.fr\/wp-content\/plugins\/elementor-pro\/assets\/css\/widget-theme-elements.min.css\"><p id=\"breadcrumbs\"><span><span><a href=\"https:\/\/visix.fr\/fr\/\">Home<\/a><\/span><\/p>\t\t<\/div>\n\t\t\t\t<\/div>\n\t\t\t\t\t<\/div>\n\t\t<\/div>\n\t\t\t\t\t\t\t<\/div>\n\t\t<\/section>\n\t\t\t\t\t\t<\/div>\n\t\t\t\t<\/div>\n\t\t\t\t<\/div>\n\t\t\t\t<\/div>\n\t\t\t\t\t<\/div>\n\t\t<\/div>\n\t\t\t\t\t\t\t<\/div>\n\t\t<\/section>\n\t\t\t\t<section class=\"elementor-section elementor-top-section elementor-element elementor-element-b2b450b elementor-section-boxed elementor-section-height-default elementor-section-height-default\" data-id=\"b2b450b\" data-element_type=\"section\" data-settings=\"{&quot;background_background&quot;:&quot;classic&quot;}\">\n\t\t\t\t\t\t<div class=\"elementor-container elementor-column-gap-default\">\n\t\t\t\t\t<div class=\"elementor-column elementor-col-100 elementor-top-column elementor-element elementor-element-46e3f62\" data-id=\"46e3f62\" data-element_type=\"column\">\n\t\t\t<div class=\"elementor-widget-wrap elementor-element-populated\">\n\t\t\t\t\t\t\t\t<div class=\"elementor-element elementor-element-8ccbaba elementor-grid-4 elementor-posts--align-center elementor-grid-tablet-2 elementor-grid-mobile-1 elementor-posts--thumbnail-top elementor-widget elementor-widget-posts\" data-id=\"8ccbaba\" data-element_type=\"widget\" data-settings=\"{&quot;classic_columns&quot;:&quot;4&quot;,&quot;classic_columns_tablet&quot;:&quot;2&quot;,&quot;classic_columns_mobile&quot;:&quot;1&quot;,&quot;classic_row_gap&quot;:{&quot;unit&quot;:&quot;px&quot;,&quot;size&quot;:35,&quot;sizes&quot;:[]},&quot;classic_row_gap_tablet&quot;:{&quot;unit&quot;:&quot;px&quot;,&quot;size&quot;:&quot;&quot;,&quot;sizes&quot;:[]},&quot;classic_row_gap_mobile&quot;:{&quot;unit&quot;:&quot;px&quot;,&quot;size&quot;:&quot;&quot;,&quot;sizes&quot;:[]}}\" data-widget_type=\"posts.classic\">\n\t\t\t\t<div class=\"elementor-widget-container\">\n\t\t\t<link rel=\"stylesheet\" href=\"https:\/\/visix.fr\/wp-content\/plugins\/elementor-pro\/assets\/css\/widget-posts.min.css\">\t\t<div class=\"elementor-posts-container elementor-posts elementor-posts--skin-classic elementor-grid\">\n\t\t\t\t<article class=\"elementor-post elementor-grid-item post-6783 post type-post status-publish format-standard has-post-thumbnail hentry category-drapeaux-et-mats\">\n\t\t\t\t<a class=\"elementor-post__thumbnail__link\" href=\"https:\/\/visix.fr\/fr\/produits\/drapeaux-et-mats\/mats-de-drapeaux\/\" >\n\t\t\t<div class=\"elementor-post__thumbnail\"><img loading=\"lazy\" decoding=\"async\" width=\"800\" height=\"200\" src=\"https:\/\/visix.fr\/wp-content\/uploads\/2023\/01\/header_vlaggen_0-1024x256.jpg\" class=\"attachment-large size-large wp-image-4406\" alt=\"\" srcset=\"https:\/\/visix.fr\/wp-content\/uploads\/2023\/01\/header_vlaggen_0-1024x256.jpg 1024w, https:\/\/visix.fr\/wp-content\/uploads\/2023\/01\/header_vlaggen_0-300x75.jpg 300w, https:\/\/visix.fr\/wp-content\/uploads\/2023\/01\/header_vlaggen_0-768x192.jpg 768w, https:\/\/visix.fr\/wp-content\/uploads\/2023\/01\/header_vlaggen_0-1536x384.jpg 1536w, https:\/\/visix.fr\/wp-content\/uploads\/2023\/01\/header_vlaggen_0.jpg 1920w\" sizes=\"(max-width: 800px) 100vw, 800px\" \/><\/div>\n\t\t<\/a>\n\t\t\t\t<div class=\"elementor-post__text\">\n\t\t\t\t<h3 class=\"elementor-post__title\">\n\t\t\t<a href=\"https:\/\/visix.fr\/fr\/produits\/drapeaux-et-mats\/mats-de-drapeaux\/\" >\n\t\t\t\tM\u00e2ts pour drapeaux\t\t\t<\/a>\n\t\t<\/h3>\n\t\t\n\t\t<a class=\"elementor-post__read-more\" href=\"https:\/\/visix.fr\/fr\/produits\/drapeaux-et-mats\/mats-de-drapeaux\/\" >\n\t\t\tLire plus\t\t<\/a>\n\n\t\t\t\t<\/div>\n\t\t\t\t<\/article>\n\t\t\t\t<article class=\"elementor-post elementor-grid-item post-6787 post type-post status-publish format-standard has-post-thumbnail hentry category-drapeaux-et-mats\">\n\t\t\t\t<a class=\"elementor-post__thumbnail__link\" href=\"https:\/\/visix.fr\/fr\/produits\/drapeaux-et-mats\/bannieres-sur-mat-et-de-facade\/\" >\n\t\t\t<div class=\"elementor-post__thumbnail\"><img loading=\"lazy\" decoding=\"async\" width=\"800\" height=\"200\" src=\"https:\/\/visix.fr\/wp-content\/uploads\/2023\/01\/VISIX_Headerbeeld_Banieren-1024x256.jpg\" class=\"attachment-large size-large wp-image-4392\" alt=\"\" srcset=\"https:\/\/visix.fr\/wp-content\/uploads\/2023\/01\/VISIX_Headerbeeld_Banieren-1024x256.jpg 1024w, https:\/\/visix.fr\/wp-content\/uploads\/2023\/01\/VISIX_Headerbeeld_Banieren-300x75.jpg 300w, https:\/\/visix.fr\/wp-content\/uploads\/2023\/01\/VISIX_Headerbeeld_Banieren-768x192.jpg 768w, https:\/\/visix.fr\/wp-content\/uploads\/2023\/01\/VISIX_Headerbeeld_Banieren-1536x384.jpg 1536w, https:\/\/visix.fr\/wp-content\/uploads\/2023\/01\/VISIX_Headerbeeld_Banieren.jpg 1920w\" sizes=\"(max-width: 800px) 100vw, 800px\" \/><\/div>\n\t\t<\/a>\n\t\t\t\t<div class=\"elementor-post__text\">\n\t\t\t\t<h3 class=\"elementor-post__title\">\n\t\t\t<a href=\"https:\/\/visix.fr\/fr\/produits\/drapeaux-et-mats\/bannieres-sur-mat-et-de-facade\/\" >\n\t\t\t\tBanni\u00e8res sur m\u00e2t\t\t\t<\/a>\n\t\t<\/h3>\n\t\t\n\t\t<a class=\"elementor-post__read-more\" href=\"https:\/\/visix.fr\/fr\/produits\/drapeaux-et-mats\/bannieres-sur-mat-et-de-facade\/\" >\n\t\t\tLire plus\t\t<\/a>\n\n\t\t\t\t<\/div>\n\t\t\t\t<\/article>\n\t\t\t\t<article class=\"elementor-post elementor-grid-item post-6791 post type-post status-publish format-standard has-post-thumbnail hentry category-drapeaux-et-mats\">\n\t\t\t\t<a class=\"elementor-post__thumbnail__link\" href=\"https:\/\/visix.fr\/fr\/produits\/drapeaux-et-mats\/drapeaux-de-plage\/\" >\n\t\t\t<div class=\"elementor-post__thumbnail\"><img loading=\"lazy\" decoding=\"async\" width=\"800\" height=\"200\" src=\"https:\/\/visix.fr\/wp-content\/uploads\/2023\/01\/header_beachvlag-1024x256.jpg\" class=\"attachment-large size-large wp-image-4375\" alt=\"\" srcset=\"https:\/\/visix.fr\/wp-content\/uploads\/2023\/01\/header_beachvlag-1024x256.jpg 1024w, https:\/\/visix.fr\/wp-content\/uploads\/2023\/01\/header_beachvlag-300x75.jpg 300w, https:\/\/visix.fr\/wp-content\/uploads\/2023\/01\/header_beachvlag-768x192.jpg 768w, https:\/\/visix.fr\/wp-content\/uploads\/2023\/01\/header_beachvlag-1536x384.jpg 1536w, https:\/\/visix.fr\/wp-content\/uploads\/2023\/01\/header_beachvlag.jpg 1920w\" sizes=\"(max-width: 800px) 100vw, 800px\" \/><\/div>\n\t\t<\/a>\n\t\t\t\t<div class=\"elementor-post__text\">\n\t\t\t\t<h3 class=\"elementor-post__title\">\n\t\t\t<a href=\"https:\/\/visix.fr\/fr\/produits\/drapeaux-et-mats\/drapeaux-de-plage\/\" >\n\t\t\t\tBeach flags\t\t\t<\/a>\n\t\t<\/h3>\n\t\t\n\t\t<a class=\"elementor-post__read-more\" href=\"https:\/\/visix.fr\/fr\/produits\/drapeaux-et-mats\/drapeaux-de-plage\/\" >\n\t\t\tLire plus\t\t<\/a>\n\n\t\t\t\t<\/div>\n\t\t\t\t<\/article>\n\t\t\t\t<article class=\"elementor-post elementor-grid-item post-6795 post type-post status-publish format-standard has-post-thumbnail hentry category-drapeaux-et-mats\">\n\t\t\t\t<a class=\"elementor-post__thumbnail__link\" href=\"https:\/\/visix.fr\/fr\/produits\/drapeaux-et-mats\/drapeaux\/\" >\n\t\t\t<div class=\"elementor-post__thumbnail\"><img loading=\"lazy\" decoding=\"async\" width=\"800\" height=\"200\" src=\"https:\/\/visix.fr\/wp-content\/uploads\/2023\/01\/header_vlaggen-1024x256.jpg\" class=\"attachment-large size-large wp-image-4358\" alt=\"\" srcset=\"https:\/\/visix.fr\/wp-content\/uploads\/2023\/01\/header_vlaggen-1024x256.jpg 1024w, https:\/\/visix.fr\/wp-content\/uploads\/2023\/01\/header_vlaggen-300x75.jpg 300w, https:\/\/visix.fr\/wp-content\/uploads\/2023\/01\/header_vlaggen-768x192.jpg 768w, https:\/\/visix.fr\/wp-content\/uploads\/2023\/01\/header_vlaggen-1536x384.jpg 1536w, https:\/\/visix.fr\/wp-content\/uploads\/2023\/01\/header_vlaggen.jpg 1920w\" sizes=\"(max-width: 800px) 100vw, 800px\" \/><\/div>\n\t\t<\/a>\n\t\t\t\t<div class=\"elementor-post__text\">\n\t\t\t\t<h3 class=\"elementor-post__title\">\n\t\t\t<a href=\"https:\/\/visix.fr\/fr\/produits\/drapeaux-et-mats\/drapeaux\/\" >\n\t\t\t\tDrapeaux\t\t\t<\/a>\n\t\t<\/h3>\n\t\t\n\t\t<a class=\"elementor-post__read-more\" href=\"https:\/\/visix.fr\/fr\/produits\/drapeaux-et-mats\/drapeaux\/\" >\n\t\t\tLire plus\t\t<\/a>\n\n\t\t\t\t<\/div>\n\t\t\t\t<\/article>\n\t\t\t\t<article class=\"elementor-post elementor-grid-item post-6799 post type-post status-publish format-standard has-post-thumbnail hentry category-drapeaux-et-mats\">\n\t\t\t\t<a class=\"elementor-post__thumbnail__link\" href=\"https:\/\/visix.fr\/fr\/produits\/drapeaux-et-mats\/drapeaux-de-table\/\" >\n\t\t\t<div class=\"elementor-post__thumbnail\"><img loading=\"lazy\" decoding=\"async\" width=\"800\" height=\"200\" src=\"https:\/\/visix.fr\/wp-content\/uploads\/2023\/01\/VISIX_Headerbeeld_Tafelvlag_01-1-1024x256.jpg\" class=\"attachment-large size-large wp-image-4357\" alt=\"\" srcset=\"https:\/\/visix.fr\/wp-content\/uploads\/2023\/01\/VISIX_Headerbeeld_Tafelvlag_01-1-1024x256.jpg 1024w, https:\/\/visix.fr\/wp-content\/uploads\/2023\/01\/VISIX_Headerbeeld_Tafelvlag_01-1-300x75.jpg 300w, https:\/\/visix.fr\/wp-content\/uploads\/2023\/01\/VISIX_Headerbeeld_Tafelvlag_01-1-768x192.jpg 768w, https:\/\/visix.fr\/wp-content\/uploads\/2023\/01\/VISIX_Headerbeeld_Tafelvlag_01-1-1536x384.jpg 1536w, https:\/\/visix.fr\/wp-content\/uploads\/2023\/01\/VISIX_Headerbeeld_Tafelvlag_01-1.jpg 1920w\" sizes=\"(max-width: 800px) 100vw, 800px\" \/><\/div>\n\t\t<\/a>\n\t\t\t\t<div class=\"elementor-post__text\">\n\t\t\t\t<h3 class=\"elementor-post__title\">\n\t\t\t<a href=\"https:\/\/visix.fr\/fr\/produits\/drapeaux-et-mats\/drapeaux-de-table\/\" >\n\t\t\t\tDrapeaux de table\t\t\t<\/a>\n\t\t<\/h3>\n\t\t\n\t\t<a class=\"elementor-post__read-more\" href=\"https:\/\/visix.fr\/fr\/produits\/drapeaux-et-mats\/drapeaux-de-table\/\" >\n\t\t\tLire plus\t\t<\/a>\n\n\t\t\t\t<\/div>\n\t\t\t\t<\/article>\n\t\t\t\t<\/div>\n\t\t\n\t\t\t\t<\/div>\n\t\t\t\t<\/div>\n\t\t\t\t\t<\/div>\n\t\t<\/div>\n\t\t\t\t\t\t\t<\/div>\n\t\t<\/section>\n\t\t\t\t<section class=\"elementor-section elementor-top-section elementor-element elementor-element-cd79017 elementor-section-boxed elementor-section-height-default elementor-section-height-default\" data-id=\"cd79017\" data-element_type=\"section\" data-settings=\"{&quot;background_background&quot;:&quot;classic&quot;}\">\n\t\t\t\t\t\t<div class=\"elementor-container elementor-column-gap-default\">\n\t\t\t\t\t<div class=\"elementor-column elementor-col-100 elementor-top-column elementor-element elementor-element-6f0b7a0\" data-id=\"6f0b7a0\" data-element_type=\"column\">\n\t\t\t<div class=\"elementor-widget-wrap elementor-element-populated\">\n\t\t\t\t\t\t\t\t<div class=\"elementor-element elementor-element-7e411b5 elementor-widget elementor-widget-text-editor\" data-id=\"7e411b5\" data-element_type=\"widget\" data-widget_type=\"text-editor.default\">\n\t\t\t\t<div class=\"elementor-widget-container\">\n\t\t\t<style>\/*! elementor - v3.11.5 - 14-03-2023 *\/\n.elementor-widget-text-editor.elementor-drop-cap-view-stacked .elementor-drop-cap{background-color:#818a91;color:#fff}.elementor-widget-text-editor.elementor-drop-cap-view-framed .elementor-drop-cap{color:#818a91;border:3px solid;background-color:transparent}.elementor-widget-text-editor:not(.elementor-drop-cap-view-default) .elementor-drop-cap{margin-top:8px}.elementor-widget-text-editor:not(.elementor-drop-cap-view-default) .elementor-drop-cap-letter{width:1em;height:1em}.elementor-widget-text-editor .elementor-drop-cap{float:left;text-align:center;line-height:1;font-size:50px}.elementor-widget-text-editor .elementor-drop-cap-letter{display:inline-block}<\/style>\t\t\t\tVisix poss\u00e8de plus de 100 ans d\u2019exp\u00e9rience dans la fabrication de drapeaux et de banni\u00e8res.<br> Pouvant r\u00e9aliser tous les formats et finitions possibles, nous vous proposons toujours le drapeau et le m\u00e2t appropri\u00e9 \u00e0 votre projet.\t\t\t\t\t\t<\/div>\n\t\t\t\t<\/div>\n\t\t\t\t\t<\/div>\n\t\t<\/div>\n\t\t\t\t\t\t\t<\/div>\n\t\t<\/section>\n\t\t\t\t\t\t\t<\/div>\n\t\t","protected":false},"excerpt":{"rendered":"<p>Visix poss\u00e8de plus de 100 ans d\u2019exp\u00e9rience dans la fabrication de drapeaux et de banni\u00e8res. Pouvant r\u00e9aliser tous les formats et finitions possibles, nous vous<\/p>\n","protected":false},"author":1,"featured_media":0,"parent":5132,"menu_order":0,"comment_status":"closed","ping_status":"closed","template":"elementor_header_footer","meta":{"content-type":"","footnotes":""},"yoast_head":"<!-- This site is optimized with the Yoast SEO plugin v19.11 - https:\/\/yoast.com\/wordpress\/plugins\/seo\/ -->\n<title>Drapeaux et M\u00e2ts | Visix<\/title>\n<meta name=\"robots\" content=\"index, follow, max-snippet:-1, max-image-preview:large, max-video-preview:-1\" \/>\n<link rel=\"canonical\" href=\"https:\/\/visix.fr\/fr\/produits\/drapeaux-et-mats\/\" \/>\n<meta property=\"og:locale\" content=\"fr_FR\" \/>\n<meta property=\"og:type\" content=\"article\" \/>\n<meta property=\"og:title\" content=\"Drapeaux et M\u00e2ts | Visix\" \/>\n<meta property=\"og:description\" content=\"Visix poss\u00e8de plus de 100 ans d\u2019exp\u00e9rience dans la fabrication de drapeaux et de banni\u00e8res. Pouvant r\u00e9aliser tous les formats et finitions possibles, nous vous\" \/>\n<meta property=\"og:url\" content=\"https:\/\/visix.fr\/fr\/produits\/drapeaux-et-mats\/\" \/>\n<meta property=\"og:site_name\" content=\"Visix\" \/>\n<meta property=\"article:modified_time\" content=\"2023-12-19T15:57:23+00:00\" \/>\n<meta name=\"twitter:card\" content=\"summary_large_image\" \/>\n<script type=\"application\/ld+json\" class=\"yoast-schema-graph\">{\"@context\":\"https:\/\/schema.org\",\"@graph\":[{\"@type\":\"WebPage\",\"@id\":\"https:\/\/visix.fr\/fr\/produits\/drapeaux-et-mats\/\",\"url\":\"https:\/\/visix.fr\/fr\/produits\/drapeaux-et-mats\/\",\"name\":\"Drapeaux et M\u00e2ts | Visix\",\"isPartOf\":{\"@id\":\"https:\/\/visix.fr\/fr\/#website\"},\"datePublished\":\"2023-02-03T13:40:13+00:00\",\"dateModified\":\"2023-12-19T15:57:23+00:00\",\"breadcrumb\":{\"@id\":\"https:\/\/visix.fr\/fr\/produits\/drapeaux-et-mats\/#breadcrumb\"},\"inLanguage\":\"fr-FR\",\"potentialAction\":[{\"@type\":\"ReadAction\",\"target\":[\"https:\/\/visix.fr\/fr\/produits\/drapeaux-et-mats\/\"]}]},{\"@type\":\"BreadcrumbList\",\"@id\":\"https:\/\/visix.fr\/fr\/produits\/drapeaux-et-mats\/#breadcrumb\",\"itemListElement\":[{\"@type\":\"ListItem\",\"position\":1,\"name\":\"Home\",\"item\":\"https:\/\/visix.fr\/fr\/\"},{\"@type\":\"ListItem\",\"position\":2,\"name\":\"Produits\",\"item\":\"https:\/\/visix.fr\/fr\/produits\/\"},{\"@type\":\"ListItem\",\"position\":3,\"name\":\"Drapeaux et M\u00e2ts\"}]},{\"@type\":\"WebSite\",\"@id\":\"https:\/\/visix.fr\/fr\/#website\",\"url\":\"https:\/\/visix.fr\/fr\/\",\"name\":\"Visix\",\"description\":\"We make your brand shine\",\"publisher\":{\"@id\":\"https:\/\/visix.fr\/fr\/#organization\"},\"potentialAction\":[{\"@type\":\"SearchAction\",\"target\":{\"@type\":\"EntryPoint\",\"urlTemplate\":\"https:\/\/visix.fr\/fr\/?s={search_term_string}\"},\"query-input\":\"required name=search_term_string\"}],\"inLanguage\":\"fr-FR\"},{\"@type\":\"Organization\",\"@id\":\"https:\/\/visix.fr\/fr\/#organization\",\"name\":\"Visix\",\"url\":\"https:\/\/visix.fr\/fr\/\",\"logo\":{\"@type\":\"ImageObject\",\"inLanguage\":\"fr-FR\",\"@id\":\"https:\/\/visix.fr\/fr\/#\/schema\/logo\/image\/\",\"url\":\"https:\/\/visix.fr\/wp-content\/uploads\/2022\/11\/LOGO_PMS_Visix_Brand-Shiners_Registered-04.svg\",\"contentUrl\":\"https:\/\/visix.fr\/wp-content\/uploads\/2022\/11\/LOGO_PMS_Visix_Brand-Shiners_Registered-04.svg\",\"width\":203,\"height\":39,\"caption\":\"Visix\"},\"image\":{\"@id\":\"https:\/\/visix.fr\/fr\/#\/schema\/logo\/image\/\"}}]}<\/script>\n<!-- \/ Yoast SEO plugin. -->","yoast_head_json":{"title":"Drapeaux et M\u00e2ts | Visix","robots":{"index":"index","follow":"follow","max-snippet":"max-snippet:-1","max-image-preview":"max-image-preview:large","max-video-preview":"max-video-preview:-1"},"canonical":"https:\/\/visix.fr\/fr\/produits\/drapeaux-et-mats\/","og_locale":"fr_FR","og_type":"article","og_title":"Drapeaux et M\u00e2ts | Visix","og_description":"Visix poss\u00e8de plus de 100 ans d\u2019exp\u00e9rience dans la fabrication de drapeaux et de banni\u00e8res. Pouvant r\u00e9aliser tous les formats et finitions possibles, nous vous","og_url":"https:\/\/visix.fr\/fr\/produits\/drapeaux-et-mats\/","og_site_name":"Visix","article_modified_time":"2023-12-19T15:57:23+00:00","twitter_card":"summary_large_image","schema":{"@context":"https:\/\/schema.org","@graph":[{"@type":"WebPage","@id":"https:\/\/visix.fr\/fr\/produits\/drapeaux-et-mats\/","url":"https:\/\/visix.fr\/fr\/produits\/drapeaux-et-mats\/","name":"Drapeaux et M\u00e2ts | Visix","isPartOf":{"@id":"https:\/\/visix.fr\/fr\/#website"},"datePublished":"2023-02-03T13:40:13+00:00","dateModified":"2023-12-19T15:57:23+00:00","breadcrumb":{"@id":"https:\/\/visix.fr\/fr\/produits\/drapeaux-et-mats\/#breadcrumb"},"inLanguage":"fr-FR","potentialAction":[{"@type":"ReadAction","target":["https:\/\/visix.fr\/fr\/produits\/drapeaux-et-mats\/"]}]},{"@type":"BreadcrumbList","@id":"https:\/\/visix.fr\/fr\/produits\/drapeaux-et-mats\/#breadcrumb","itemListElement":[{"@type":"ListItem","position":1,"name":"Home","item":"https:\/\/visix.fr\/fr\/"},{"@type":"ListItem","position":2,"name":"Produits","item":"https:\/\/visix.fr\/fr\/produits\/"},{"@type":"ListItem","position":3,"name":"Drapeaux et M\u00e2ts"}]},{"@type":"WebSite","@id":"https:\/\/visix.fr\/fr\/#website","url":"https:\/\/visix.fr\/fr\/","name":"Visix","description":"We make your brand shine","publisher":{"@id":"https:\/\/visix.fr\/fr\/#organization"},"potentialAction":[{"@type":"SearchAction","target":{"@type":"EntryPoint","urlTemplate":"https:\/\/visix.fr\/fr\/?s={search_term_string}"},"query-input":"required name=search_term_string"}],"inLanguage":"fr-FR"},{"@type":"Organization","@id":"https:\/\/visix.fr\/fr\/#organization","name":"Visix","url":"https:\/\/visix.fr\/fr\/","logo":{"@type":"ImageObject","inLanguage":"fr-FR","@id":"https:\/\/visix.fr\/fr\/#\/schema\/logo\/image\/","url":"https:\/\/visix.fr\/wp-content\/uploads\/2022\/11\/LOGO_PMS_Visix_Brand-Shiners_Registered-04.svg","contentUrl":"https:\/\/visix.fr\/wp-content\/uploads\/2022\/11\/LOGO_PMS_Visix_Brand-Shiners_Registered-04.svg","width":203,"height":39,"caption":"Visix"},"image":{"@id":"https:\/\/visix.fr\/fr\/#\/schema\/logo\/image\/"}}]}},"_links":{"self":[{"href":"https:\/\/visix.fr\/fr\/wp-json\/wp\/v2\/pages\/5146"}],"collection":[{"href":"https:\/\/visix.fr\/fr\/wp-json\/wp\/v2\/pages"}],"about":[{"href":"https:\/\/visix.fr\/fr\/wp-json\/wp\/v2\/types\/page"}],"author":[{"embeddable":true,"href":"https:\/\/visix.fr\/fr\/wp-json\/wp\/v2\/users\/1"}],"replies":[{"embeddable":true,"href":"https:\/\/visix.fr\/fr\/wp-json\/wp\/v2\/comments?post=5146"}],"version-history":[{"count":7,"href":"https:\/\/visix.fr\/fr\/wp-json\/wp\/v2\/pages\/5146\/revisions"}],"predecessor-version":[{"id":9217,"href":"https:\/\/visix.fr\/fr\/wp-json\/wp\/v2\/pages\/5146\/revisions\/9217"}],"up":[{"embeddable":true,"href":"https:\/\/visix.fr\/fr\/wp-json\/wp\/v2\/pages\/5132"}],"wp:attachment":[{"href":"https:\/\/visix.fr\/fr\/wp-json\/wp\/v2\/media?parent=5146"}],"curies":[{"name":"wp","href":"https:\/\/api.w.org\/{rel}","templated":true}]}}