{"id":5136,"date":"2023-02-03T15:53:58","date_gmt":"2023-02-03T15:53:58","guid":{"rendered":"http:\/\/visix-france.fr\/categories-de-produits\/materiels-evenementiels\/"},"modified":"2023-12-19T10:43:57","modified_gmt":"2023-12-19T10:43:57","slug":"materiels-evenementiels","status":"publish","type":"page","link":"https:\/\/visix.fr\/fr\/produits\/materiels-evenementiels\/","title":{"rendered":"Mat\u00e9riels \u00e9v\u00e9nementiels"},"content":{"rendered":"\t\t<div data-elementor-type=\"wp-page\" data-elementor-id=\"5136\" class=\"elementor elementor-5136\">\n\t\t\t\t\t\t\t\t\t<section class=\"elementor-section elementor-top-section elementor-element elementor-element-e350907 elementor-section-boxed elementor-section-height-default elementor-section-height-default\" data-id=\"e350907\" data-element_type=\"section\">\n\t\t\t\t\t\t<div class=\"elementor-container elementor-column-gap-default\">\n\t\t\t\t\t<div class=\"elementor-column elementor-col-100 elementor-top-column elementor-element elementor-element-287fbfc\" data-id=\"287fbfc\" data-element_type=\"column\">\n\t\t\t<div class=\"elementor-widget-wrap elementor-element-populated\">\n\t\t\t\t\t\t\t\t<div class=\"elementor-element elementor-element-94b7f7d elementor-widget elementor-widget-template\" data-id=\"94b7f7d\" data-element_type=\"widget\" data-widget_type=\"template.default\">\n\t\t\t\t<div class=\"elementor-widget-container\">\n\t\t\t\t\t<div class=\"elementor-template\">\n\t\t\t\t\t<div data-elementor-type=\"section\" data-elementor-id=\"362\" class=\"elementor elementor-362\">\n\t\t\t\t\t\t\t\t<section class=\"elementor-section elementor-top-section elementor-element elementor-element-18474046 elementor-section-boxed elementor-section-height-default elementor-section-height-default\" data-id=\"18474046\" data-element_type=\"section\" data-settings=\"{&quot;background_background&quot;:&quot;classic&quot;}\">\n\t\t\t\t\t\t<div class=\"elementor-container elementor-column-gap-default\">\n\t\t\t\t\t<div class=\"elementor-column elementor-col-100 elementor-top-column elementor-element elementor-element-68b15ef9\" data-id=\"68b15ef9\" data-element_type=\"column\">\n\t\t\t<div class=\"elementor-widget-wrap elementor-element-populated\">\n\t\t\t\t\t\t\t\t<div class=\"elementor-element elementor-element-566ed32b elementor-align-left elementor-widget elementor-widget-breadcrumbs\" data-id=\"566ed32b\" data-element_type=\"widget\" data-widget_type=\"breadcrumbs.default\">\n\t\t\t\t<div class=\"elementor-widget-container\">\n\t\t\t<link rel=\"stylesheet\" href=\"https:\/\/visix.fr\/wp-content\/plugins\/elementor-pro\/assets\/css\/widget-theme-elements.min.css\"><p id=\"breadcrumbs\"><span><span><a href=\"https:\/\/visix.fr\/fr\/\">Home<\/a><\/span><\/p>\t\t<\/div>\n\t\t\t\t<\/div>\n\t\t\t\t\t<\/div>\n\t\t<\/div>\n\t\t\t\t\t\t\t<\/div>\n\t\t<\/section>\n\t\t\t\t\t\t<\/div>\n\t\t\t\t<\/div>\n\t\t\t\t<\/div>\n\t\t\t\t<\/div>\n\t\t\t\t\t<\/div>\n\t\t<\/div>\n\t\t\t\t\t\t\t<\/div>\n\t\t<\/section>\n\t\t\t\t<section class=\"elementor-section elementor-top-section elementor-element elementor-element-b2b450b elementor-section-boxed elementor-section-height-default elementor-section-height-default\" data-id=\"b2b450b\" data-element_type=\"section\" data-settings=\"{&quot;background_background&quot;:&quot;classic&quot;}\">\n\t\t\t\t\t\t<div class=\"elementor-container elementor-column-gap-default\">\n\t\t\t\t\t<div class=\"elementor-column elementor-col-100 elementor-top-column elementor-element elementor-element-46e3f62\" data-id=\"46e3f62\" data-element_type=\"column\">\n\t\t\t<div class=\"elementor-widget-wrap elementor-element-populated\">\n\t\t\t\t\t\t\t\t<div class=\"elementor-element elementor-element-8ccbaba elementor-grid-4 elementor-posts--align-center elementor-grid-tablet-2 elementor-grid-mobile-1 elementor-posts--thumbnail-top elementor-widget elementor-widget-posts\" data-id=\"8ccbaba\" data-element_type=\"widget\" data-settings=\"{&quot;classic_columns&quot;:&quot;4&quot;,&quot;classic_columns_tablet&quot;:&quot;2&quot;,&quot;classic_columns_mobile&quot;:&quot;1&quot;,&quot;classic_row_gap&quot;:{&quot;unit&quot;:&quot;px&quot;,&quot;size&quot;:35,&quot;sizes&quot;:[]},&quot;classic_row_gap_tablet&quot;:{&quot;unit&quot;:&quot;px&quot;,&quot;size&quot;:&quot;&quot;,&quot;sizes&quot;:[]},&quot;classic_row_gap_mobile&quot;:{&quot;unit&quot;:&quot;px&quot;,&quot;size&quot;:&quot;&quot;,&quot;sizes&quot;:[]}}\" data-widget_type=\"posts.classic\">\n\t\t\t\t<div class=\"elementor-widget-container\">\n\t\t\t<link rel=\"stylesheet\" href=\"https:\/\/visix.fr\/wp-content\/plugins\/elementor-pro\/assets\/css\/widget-posts.min.css\">\t\t<div class=\"elementor-posts-container elementor-posts elementor-posts--skin-classic elementor-grid\">\n\t\t\t\t<article class=\"elementor-post elementor-grid-item post-6703 post type-post status-publish format-standard has-post-thumbnail hentry category-materiels-evenementiels\">\n\t\t\t\t<a class=\"elementor-post__thumbnail__link\" href=\"https:\/\/visix.fr\/fr\/produits\/materiels-evenementiels\/brise-vue-de-plage\/\" >\n\t\t\t<div class=\"elementor-post__thumbnail\"><img loading=\"lazy\" decoding=\"async\" width=\"800\" height=\"600\" src=\"https:\/\/visix.fr\/wp-content\/uploads\/2023\/02\/Paravent-strandzeil-header-1024x768.jpg\" class=\"attachment-large size-large wp-image-4639\" alt=\"\" srcset=\"https:\/\/visix.fr\/wp-content\/uploads\/2023\/02\/Paravent-strandzeil-header-1024x768.jpg 1024w, https:\/\/visix.fr\/wp-content\/uploads\/2023\/02\/Paravent-strandzeil-header-300x225.jpg 300w, https:\/\/visix.fr\/wp-content\/uploads\/2023\/02\/Paravent-strandzeil-header-768x576.jpg 768w, https:\/\/visix.fr\/wp-content\/uploads\/2023\/02\/Paravent-strandzeil-header-1536x1152.jpg 1536w, https:\/\/visix.fr\/wp-content\/uploads\/2023\/02\/Paravent-strandzeil-header.jpg 2000w\" sizes=\"(max-width: 800px) 100vw, 800px\" \/><\/div>\n\t\t<\/a>\n\t\t\t\t<div class=\"elementor-post__text\">\n\t\t\t\t<h3 class=\"elementor-post__title\">\n\t\t\t<a href=\"https:\/\/visix.fr\/fr\/produits\/materiels-evenementiels\/brise-vue-de-plage\/\" >\n\t\t\t\tBrise vue de plage\t\t\t<\/a>\n\t\t<\/h3>\n\t\t\n\t\t<a class=\"elementor-post__read-more\" href=\"https:\/\/visix.fr\/fr\/produits\/materiels-evenementiels\/brise-vue-de-plage\/\" >\n\t\t\tLire plus\t\t<\/a>\n\n\t\t\t\t<\/div>\n\t\t\t\t<\/article>\n\t\t\t\t<article class=\"elementor-post elementor-grid-item post-6705 post type-post status-publish format-standard has-post-thumbnail hentry category-materiels-evenementiels\">\n\t\t\t\t<a class=\"elementor-post__thumbnail__link\" href=\"https:\/\/visix.fr\/fr\/produits\/materiels-evenementiels\/presentoir-de-table\/\" >\n\t\t\t<div class=\"elementor-post__thumbnail\"><img loading=\"lazy\" decoding=\"async\" width=\"800\" height=\"532\" src=\"https:\/\/visix.fr\/wp-content\/uploads\/2023\/02\/tafelbanner_DeltaLloyd02-1024x681.jpg\" class=\"attachment-large size-large wp-image-4635\" alt=\"\" srcset=\"https:\/\/visix.fr\/wp-content\/uploads\/2023\/02\/tafelbanner_DeltaLloyd02-1024x681.jpg 1024w, https:\/\/visix.fr\/wp-content\/uploads\/2023\/02\/tafelbanner_DeltaLloyd02-300x200.jpg 300w, https:\/\/visix.fr\/wp-content\/uploads\/2023\/02\/tafelbanner_DeltaLloyd02-768x511.jpg 768w, https:\/\/visix.fr\/wp-content\/uploads\/2023\/02\/tafelbanner_DeltaLloyd02-1536x1022.jpg 1536w, https:\/\/visix.fr\/wp-content\/uploads\/2023\/02\/tafelbanner_DeltaLloyd02.jpg 2000w\" sizes=\"(max-width: 800px) 100vw, 800px\" \/><\/div>\n\t\t<\/a>\n\t\t\t\t<div class=\"elementor-post__text\">\n\t\t\t\t<h3 class=\"elementor-post__title\">\n\t\t\t<a href=\"https:\/\/visix.fr\/fr\/produits\/materiels-evenementiels\/presentoir-de-table\/\" >\n\t\t\t\tPr\u00e9sentoir de table\t\t\t<\/a>\n\t\t<\/h3>\n\t\t\n\t\t<a class=\"elementor-post__read-more\" href=\"https:\/\/visix.fr\/fr\/produits\/materiels-evenementiels\/presentoir-de-table\/\" >\n\t\t\tLire plus\t\t<\/a>\n\n\t\t\t\t<\/div>\n\t\t\t\t<\/article>\n\t\t\t\t<article class=\"elementor-post elementor-grid-item post-6707 post type-post status-publish format-standard has-post-thumbnail hentry category-materiels-evenementiels\">\n\t\t\t\t<a class=\"elementor-post__thumbnail__link\" href=\"https:\/\/visix.fr\/fr\/produits\/materiels-evenementiels\/coussins-imprimes\/\" >\n\t\t\t<div class=\"elementor-post__thumbnail\"><img loading=\"lazy\" decoding=\"async\" width=\"800\" height=\"600\" src=\"https:\/\/visix.fr\/wp-content\/uploads\/2023\/02\/zitkussen-visix.jpg\" class=\"attachment-large size-large wp-image-4630\" alt=\"\" srcset=\"https:\/\/visix.fr\/wp-content\/uploads\/2023\/02\/zitkussen-visix.jpg 960w, https:\/\/visix.fr\/wp-content\/uploads\/2023\/02\/zitkussen-visix-300x225.jpg 300w, https:\/\/visix.fr\/wp-content\/uploads\/2023\/02\/zitkussen-visix-768x576.jpg 768w\" sizes=\"(max-width: 800px) 100vw, 800px\" \/><\/div>\n\t\t<\/a>\n\t\t\t\t<div class=\"elementor-post__text\">\n\t\t\t\t<h3 class=\"elementor-post__title\">\n\t\t\t<a href=\"https:\/\/visix.fr\/fr\/produits\/materiels-evenementiels\/coussins-imprimes\/\" >\n\t\t\t\tCoussins imprim\u00e9s\t\t\t<\/a>\n\t\t<\/h3>\n\t\t\n\t\t<a class=\"elementor-post__read-more\" href=\"https:\/\/visix.fr\/fr\/produits\/materiels-evenementiels\/coussins-imprimes\/\" >\n\t\t\tLire plus\t\t<\/a>\n\n\t\t\t\t<\/div>\n\t\t\t\t<\/article>\n\t\t\t\t<article class=\"elementor-post elementor-grid-item post-6709 post type-post status-publish format-standard has-post-thumbnail hentry category-materiels-evenementiels\">\n\t\t\t\t<a class=\"elementor-post__thumbnail__link\" href=\"https:\/\/visix.fr\/fr\/produits\/materiels-evenementiels\/promotion-du-padel\/\" >\n\t\t\t<div class=\"elementor-post__thumbnail\"><img loading=\"lazy\" decoding=\"async\" width=\"800\" height=\"450\" src=\"https:\/\/visix.fr\/wp-content\/uploads\/2023\/02\/padel_promotie-Visix_header-1024x576.jpg\" class=\"attachment-large size-large wp-image-4620\" alt=\"\" srcset=\"https:\/\/visix.fr\/wp-content\/uploads\/2023\/02\/padel_promotie-Visix_header-1024x576.jpg 1024w, https:\/\/visix.fr\/wp-content\/uploads\/2023\/02\/padel_promotie-Visix_header-300x169.jpg 300w, https:\/\/visix.fr\/wp-content\/uploads\/2023\/02\/padel_promotie-Visix_header-768x432.jpg 768w, https:\/\/visix.fr\/wp-content\/uploads\/2023\/02\/padel_promotie-Visix_header-1536x864.jpg 1536w, https:\/\/visix.fr\/wp-content\/uploads\/2023\/02\/padel_promotie-Visix_header.jpg 1920w\" sizes=\"(max-width: 800px) 100vw, 800px\" \/><\/div>\n\t\t<\/a>\n\t\t\t\t<div class=\"elementor-post__text\">\n\t\t\t\t<h3 class=\"elementor-post__title\">\n\t\t\t<a href=\"https:\/\/visix.fr\/fr\/produits\/materiels-evenementiels\/promotion-du-padel\/\" >\n\t\t\t\t\u00c9quipement de padel\t\t\t<\/a>\n\t\t<\/h3>\n\t\t\n\t\t<a class=\"elementor-post__read-more\" href=\"https:\/\/visix.fr\/fr\/produits\/materiels-evenementiels\/promotion-du-padel\/\" >\n\t\t\tLire plus\t\t<\/a>\n\n\t\t\t\t<\/div>\n\t\t\t\t<\/article>\n\t\t\t\t<article class=\"elementor-post elementor-grid-item post-6715 post type-post status-publish format-standard has-post-thumbnail hentry category-materiels-evenementiels\">\n\t\t\t\t<a class=\"elementor-post__thumbnail__link\" href=\"https:\/\/visix.fr\/fr\/produits\/materiels-evenementiels\/comptoirs\/\" >\n\t\t\t<div class=\"elementor-post__thumbnail\"><img loading=\"lazy\" decoding=\"async\" width=\"800\" height=\"200\" src=\"https:\/\/visix.fr\/wp-content\/uploads\/2023\/02\/header_counters_visix-1024x256.jpg\" class=\"attachment-large size-large wp-image-4607\" alt=\"\" srcset=\"https:\/\/visix.fr\/wp-content\/uploads\/2023\/02\/header_counters_visix-1024x256.jpg 1024w, https:\/\/visix.fr\/wp-content\/uploads\/2023\/02\/header_counters_visix-300x75.jpg 300w, https:\/\/visix.fr\/wp-content\/uploads\/2023\/02\/header_counters_visix-768x192.jpg 768w, https:\/\/visix.fr\/wp-content\/uploads\/2023\/02\/header_counters_visix-1536x384.jpg 1536w, https:\/\/visix.fr\/wp-content\/uploads\/2023\/02\/header_counters_visix.jpg 1920w\" sizes=\"(max-width: 800px) 100vw, 800px\" \/><\/div>\n\t\t<\/a>\n\t\t\t\t<div class=\"elementor-post__text\">\n\t\t\t\t<h3 class=\"elementor-post__title\">\n\t\t\t<a href=\"https:\/\/visix.fr\/fr\/produits\/materiels-evenementiels\/comptoirs\/\" >\n\t\t\t\tComptoirs\t\t\t<\/a>\n\t\t<\/h3>\n\t\t\n\t\t<a class=\"elementor-post__read-more\" href=\"https:\/\/visix.fr\/fr\/produits\/materiels-evenementiels\/comptoirs\/\" >\n\t\t\tLire plus\t\t<\/a>\n\n\t\t\t\t<\/div>\n\t\t\t\t<\/article>\n\t\t\t\t<article class=\"elementor-post elementor-grid-item post-6717 post type-post status-publish format-standard has-post-thumbnail hentry category-materiels-evenementiels\">\n\t\t\t\t<a class=\"elementor-post__thumbnail__link\" href=\"https:\/\/visix.fr\/fr\/produits\/materiels-evenementiels\/bannieres-pop-up\/\" >\n\t\t\t<div class=\"elementor-post__thumbnail\"><img loading=\"lazy\" decoding=\"async\" width=\"800\" height=\"200\" src=\"https:\/\/visix.fr\/wp-content\/uploads\/2023\/02\/VISIX_Headerbeeld_pop-banner_02-1024x256.jpg\" class=\"attachment-large size-large wp-image-4594\" alt=\"\" srcset=\"https:\/\/visix.fr\/wp-content\/uploads\/2023\/02\/VISIX_Headerbeeld_pop-banner_02-1024x256.jpg 1024w, https:\/\/visix.fr\/wp-content\/uploads\/2023\/02\/VISIX_Headerbeeld_pop-banner_02-300x75.jpg 300w, https:\/\/visix.fr\/wp-content\/uploads\/2023\/02\/VISIX_Headerbeeld_pop-banner_02-768x192.jpg 768w, https:\/\/visix.fr\/wp-content\/uploads\/2023\/02\/VISIX_Headerbeeld_pop-banner_02-1536x384.jpg 1536w, https:\/\/visix.fr\/wp-content\/uploads\/2023\/02\/VISIX_Headerbeeld_pop-banner_02.jpg 1920w\" sizes=\"(max-width: 800px) 100vw, 800px\" \/><\/div>\n\t\t<\/a>\n\t\t\t\t<div class=\"elementor-post__text\">\n\t\t\t\t<h3 class=\"elementor-post__title\">\n\t\t\t<a href=\"https:\/\/visix.fr\/fr\/produits\/materiels-evenementiels\/bannieres-pop-up\/\" >\n\t\t\t\tBanni\u00e8res pop-up\t\t\t<\/a>\n\t\t<\/h3>\n\t\t\n\t\t<a class=\"elementor-post__read-more\" href=\"https:\/\/visix.fr\/fr\/produits\/materiels-evenementiels\/bannieres-pop-up\/\" >\n\t\t\tLire plus\t\t<\/a>\n\n\t\t\t\t<\/div>\n\t\t\t\t<\/article>\n\t\t\t\t<\/div>\n\t\t\n\t\t\t\t<\/div>\n\t\t\t\t<\/div>\n\t\t\t\t\t<\/div>\n\t\t<\/div>\n\t\t\t\t\t\t\t<\/div>\n\t\t<\/section>\n\t\t\t\t<section class=\"elementor-section elementor-top-section elementor-element elementor-element-cd79017 elementor-section-boxed elementor-section-height-default elementor-section-height-default\" data-id=\"cd79017\" data-element_type=\"section\" data-settings=\"{&quot;background_background&quot;:&quot;classic&quot;}\">\n\t\t\t\t\t\t<div class=\"elementor-container elementor-column-gap-default\">\n\t\t\t\t\t<div class=\"elementor-column elementor-col-100 elementor-top-column elementor-element elementor-element-6f0b7a0\" data-id=\"6f0b7a0\" data-element_type=\"column\">\n\t\t\t<div class=\"elementor-widget-wrap elementor-element-populated\">\n\t\t\t\t\t\t\t\t<div class=\"elementor-element elementor-element-7e411b5 elementor-widget elementor-widget-text-editor\" data-id=\"7e411b5\" data-element_type=\"widget\" data-widget_type=\"text-editor.default\">\n\t\t\t\t<div class=\"elementor-widget-container\">\n\t\t\t<style>\/*! elementor - v3.11.5 - 14-03-2023 *\/\n.elementor-widget-text-editor.elementor-drop-cap-view-stacked .elementor-drop-cap{background-color:#818a91;color:#fff}.elementor-widget-text-editor.elementor-drop-cap-view-framed .elementor-drop-cap{color:#818a91;border:3px solid;background-color:transparent}.elementor-widget-text-editor:not(.elementor-drop-cap-view-default) .elementor-drop-cap{margin-top:8px}.elementor-widget-text-editor:not(.elementor-drop-cap-view-default) .elementor-drop-cap-letter{width:1em;height:1em}.elementor-widget-text-editor .elementor-drop-cap{float:left;text-align:center;line-height:1;font-size:50px}.elementor-widget-text-editor .elementor-drop-cap-letter{display:inline-block}<\/style>\t\t\t\t<strong>D\u00e9marquez-vous lors de vos \u00e9v\u00e9nements<\/strong>\n<br><br>Pourquoi investir dans du mat\u00e9riel promotionnel \u00e0 l\u2019occasion d\u2019un salon, d\u2019un \u00e9v\u00e9nement, d\u2019un festival, d\u2019un lancement de produit etc.? La r\u00e9ponse est simple. Non seulement les banni\u00e8res, les b\u00e2ches et les drapeaux cr\u00e9ent une atmosph\u00e8re et une d\u00e9coration originale lors de votre \u00e9v\u00e9nement en plein air; mais ils servent \u00e9galement d\u2019accroche-regard afin que vous puissiez mettre votre marque et produits en valeur.\n<br><br>Le mat\u00e9riel promotionnel permet de faire conna\u00eetre votre marque \u00e0 un public plus large et d\u2019attirer l\u2019attention de mani\u00e8re ludique. Chez Visix, nous investissons dans des produits de qualit\u00e9 qui mettent les points sur les \u00ab i \u00bb lors de vos \u00e9v\u00e9nements. Selon le type d\u2019\u00e9v\u00e9nement, nous recherchons une solution sur mesure pour que vous puissiez briller.\t\t\t\t\t\t<\/div>\n\t\t\t\t<\/div>\n\t\t\t\t\t<\/div>\n\t\t<\/div>\n\t\t\t\t\t\t\t<\/div>\n\t\t<\/section>\n\t\t\t\t\t\t\t<\/div>\n\t\t","protected":false},"excerpt":{"rendered":"<p>D\u00e9marquez-vous lors de vos \u00e9v\u00e9nements Pourquoi investir dans du mat\u00e9riel promotionnel \u00e0 l\u2019occasion d\u2019un salon, d\u2019un \u00e9v\u00e9nement, d\u2019un festival, d\u2019un lancement de produit etc.? La<\/p>\n","protected":false},"author":1,"featured_media":0,"parent":5132,"menu_order":0,"comment_status":"closed","ping_status":"closed","template":"elementor_header_footer","meta":{"content-type":"","footnotes":""},"yoast_head":"<!-- This site is optimized with the Yoast SEO plugin v19.11 - https:\/\/yoast.com\/wordpress\/plugins\/seo\/ -->\n<title>Mat\u00e9riels \u00e9v\u00e9nementiels | Visix<\/title>\n<meta name=\"robots\" content=\"index, follow, max-snippet:-1, max-image-preview:large, max-video-preview:-1\" \/>\n<link rel=\"canonical\" href=\"https:\/\/visix.fr\/fr\/produits\/materiels-evenementiels\/\" \/>\n<meta property=\"og:locale\" content=\"fr_FR\" \/>\n<meta property=\"og:type\" content=\"article\" \/>\n<meta property=\"og:title\" content=\"Mat\u00e9riels \u00e9v\u00e9nementiels | Visix\" \/>\n<meta property=\"og:description\" content=\"D\u00e9marquez-vous lors de vos \u00e9v\u00e9nements Pourquoi investir dans du mat\u00e9riel promotionnel \u00e0 l\u2019occasion d\u2019un salon, d\u2019un \u00e9v\u00e9nement, d\u2019un festival, d\u2019un lancement de produit etc.? La\" \/>\n<meta property=\"og:url\" content=\"https:\/\/visix.fr\/fr\/produits\/materiels-evenementiels\/\" \/>\n<meta property=\"og:site_name\" content=\"Visix\" \/>\n<meta property=\"article:modified_time\" content=\"2023-12-19T10:43:57+00:00\" \/>\n<meta name=\"twitter:card\" content=\"summary_large_image\" \/>\n<meta name=\"twitter:label1\" content=\"Dur\u00e9e de lecture estim\u00e9e\" \/>\n\t<meta name=\"twitter:data1\" content=\"1 minute\" \/>\n<script type=\"application\/ld+json\" class=\"yoast-schema-graph\">{\"@context\":\"https:\/\/schema.org\",\"@graph\":[{\"@type\":\"WebPage\",\"@id\":\"https:\/\/visix.fr\/fr\/produits\/materiels-evenementiels\/\",\"url\":\"https:\/\/visix.fr\/fr\/produits\/materiels-evenementiels\/\",\"name\":\"Mat\u00e9riels \u00e9v\u00e9nementiels | Visix\",\"isPartOf\":{\"@id\":\"https:\/\/visix.fr\/fr\/#website\"},\"datePublished\":\"2023-02-03T15:53:58+00:00\",\"dateModified\":\"2023-12-19T10:43:57+00:00\",\"breadcrumb\":{\"@id\":\"https:\/\/visix.fr\/fr\/produits\/materiels-evenementiels\/#breadcrumb\"},\"inLanguage\":\"fr-FR\",\"potentialAction\":[{\"@type\":\"ReadAction\",\"target\":[\"https:\/\/visix.fr\/fr\/produits\/materiels-evenementiels\/\"]}]},{\"@type\":\"BreadcrumbList\",\"@id\":\"https:\/\/visix.fr\/fr\/produits\/materiels-evenementiels\/#breadcrumb\",\"itemListElement\":[{\"@type\":\"ListItem\",\"position\":1,\"name\":\"Home\",\"item\":\"https:\/\/visix.fr\/fr\/\"},{\"@type\":\"ListItem\",\"position\":2,\"name\":\"Produits\",\"item\":\"https:\/\/visix.fr\/fr\/produits\/\"},{\"@type\":\"ListItem\",\"position\":3,\"name\":\"Mat\u00e9riels \u00e9v\u00e9nementiels\"}]},{\"@type\":\"WebSite\",\"@id\":\"https:\/\/visix.fr\/fr\/#website\",\"url\":\"https:\/\/visix.fr\/fr\/\",\"name\":\"Visix\",\"description\":\"We make your brand shine\",\"publisher\":{\"@id\":\"https:\/\/visix.fr\/fr\/#organization\"},\"potentialAction\":[{\"@type\":\"SearchAction\",\"target\":{\"@type\":\"EntryPoint\",\"urlTemplate\":\"https:\/\/visix.fr\/fr\/?s={search_term_string}\"},\"query-input\":\"required name=search_term_string\"}],\"inLanguage\":\"fr-FR\"},{\"@type\":\"Organization\",\"@id\":\"https:\/\/visix.fr\/fr\/#organization\",\"name\":\"Visix\",\"url\":\"https:\/\/visix.fr\/fr\/\",\"logo\":{\"@type\":\"ImageObject\",\"inLanguage\":\"fr-FR\",\"@id\":\"https:\/\/visix.fr\/fr\/#\/schema\/logo\/image\/\",\"url\":\"https:\/\/visix.fr\/wp-content\/uploads\/2022\/11\/LOGO_PMS_Visix_Brand-Shiners_Registered-04.svg\",\"contentUrl\":\"https:\/\/visix.fr\/wp-content\/uploads\/2022\/11\/LOGO_PMS_Visix_Brand-Shiners_Registered-04.svg\",\"width\":203,\"height\":39,\"caption\":\"Visix\"},\"image\":{\"@id\":\"https:\/\/visix.fr\/fr\/#\/schema\/logo\/image\/\"}}]}<\/script>\n<!-- \/ Yoast SEO plugin. -->","yoast_head_json":{"title":"Mat\u00e9riels \u00e9v\u00e9nementiels | Visix","robots":{"index":"index","follow":"follow","max-snippet":"max-snippet:-1","max-image-preview":"max-image-preview:large","max-video-preview":"max-video-preview:-1"},"canonical":"https:\/\/visix.fr\/fr\/produits\/materiels-evenementiels\/","og_locale":"fr_FR","og_type":"article","og_title":"Mat\u00e9riels \u00e9v\u00e9nementiels | Visix","og_description":"D\u00e9marquez-vous lors de vos \u00e9v\u00e9nements Pourquoi investir dans du mat\u00e9riel promotionnel \u00e0 l\u2019occasion d\u2019un salon, d\u2019un \u00e9v\u00e9nement, d\u2019un festival, d\u2019un lancement de produit etc.? La","og_url":"https:\/\/visix.fr\/fr\/produits\/materiels-evenementiels\/","og_site_name":"Visix","article_modified_time":"2023-12-19T10:43:57+00:00","twitter_card":"summary_large_image","twitter_misc":{"Dur\u00e9e de lecture estim\u00e9e":"1 minute"},"schema":{"@context":"https:\/\/schema.org","@graph":[{"@type":"WebPage","@id":"https:\/\/visix.fr\/fr\/produits\/materiels-evenementiels\/","url":"https:\/\/visix.fr\/fr\/produits\/materiels-evenementiels\/","name":"Mat\u00e9riels \u00e9v\u00e9nementiels | Visix","isPartOf":{"@id":"https:\/\/visix.fr\/fr\/#website"},"datePublished":"2023-02-03T15:53:58+00:00","dateModified":"2023-12-19T10:43:57+00:00","breadcrumb":{"@id":"https:\/\/visix.fr\/fr\/produits\/materiels-evenementiels\/#breadcrumb"},"inLanguage":"fr-FR","potentialAction":[{"@type":"ReadAction","target":["https:\/\/visix.fr\/fr\/produits\/materiels-evenementiels\/"]}]},{"@type":"BreadcrumbList","@id":"https:\/\/visix.fr\/fr\/produits\/materiels-evenementiels\/#breadcrumb","itemListElement":[{"@type":"ListItem","position":1,"name":"Home","item":"https:\/\/visix.fr\/fr\/"},{"@type":"ListItem","position":2,"name":"Produits","item":"https:\/\/visix.fr\/fr\/produits\/"},{"@type":"ListItem","position":3,"name":"Mat\u00e9riels \u00e9v\u00e9nementiels"}]},{"@type":"WebSite","@id":"https:\/\/visix.fr\/fr\/#website","url":"https:\/\/visix.fr\/fr\/","name":"Visix","description":"We make your brand shine","publisher":{"@id":"https:\/\/visix.fr\/fr\/#organization"},"potentialAction":[{"@type":"SearchAction","target":{"@type":"EntryPoint","urlTemplate":"https:\/\/visix.fr\/fr\/?s={search_term_string}"},"query-input":"required name=search_term_string"}],"inLanguage":"fr-FR"},{"@type":"Organization","@id":"https:\/\/visix.fr\/fr\/#organization","name":"Visix","url":"https:\/\/visix.fr\/fr\/","logo":{"@type":"ImageObject","inLanguage":"fr-FR","@id":"https:\/\/visix.fr\/fr\/#\/schema\/logo\/image\/","url":"https:\/\/visix.fr\/wp-content\/uploads\/2022\/11\/LOGO_PMS_Visix_Brand-Shiners_Registered-04.svg","contentUrl":"https:\/\/visix.fr\/wp-content\/uploads\/2022\/11\/LOGO_PMS_Visix_Brand-Shiners_Registered-04.svg","width":203,"height":39,"caption":"Visix"},"image":{"@id":"https:\/\/visix.fr\/fr\/#\/schema\/logo\/image\/"}}]}},"_links":{"self":[{"href":"https:\/\/visix.fr\/fr\/wp-json\/wp\/v2\/pages\/5136"}],"collection":[{"href":"https:\/\/visix.fr\/fr\/wp-json\/wp\/v2\/pages"}],"about":[{"href":"https:\/\/visix.fr\/fr\/wp-json\/wp\/v2\/types\/page"}],"author":[{"embeddable":true,"href":"https:\/\/visix.fr\/fr\/wp-json\/wp\/v2\/users\/1"}],"replies":[{"embeddable":true,"href":"https:\/\/visix.fr\/fr\/wp-json\/wp\/v2\/comments?post=5136"}],"version-history":[{"count":13,"href":"https:\/\/visix.fr\/fr\/wp-json\/wp\/v2\/pages\/5136\/revisions"}],"predecessor-version":[{"id":9178,"href":"https:\/\/visix.fr\/fr\/wp-json\/wp\/v2\/pages\/5136\/revisions\/9178"}],"up":[{"embeddable":true,"href":"https:\/\/visix.fr\/fr\/wp-json\/wp\/v2\/pages\/5132"}],"wp:attachment":[{"href":"https:\/\/visix.fr\/fr\/wp-json\/wp\/v2\/media?parent=5136"}],"curies":[{"name":"wp","href":"https:\/\/api.w.org\/{rel}","templated":true}]}}