{"id":5056,"date":"2023-03-24T14:25:49","date_gmt":"2023-03-24T14:25:49","guid":{"rendered":"http:\/\/visix-france.fr\/blog\/dernieres-realisations\/"},"modified":"2023-12-22T10:27:37","modified_gmt":"2023-12-22T10:27:37","slug":"dernieres-realisations","status":"publish","type":"page","link":"https:\/\/visix.fr\/fr\/blog\/dernieres-realisations\/","title":{"rendered":"Derni\u00e8res r\u00e9alisations"},"content":{"rendered":"\t\t<div data-elementor-type=\"wp-page\" data-elementor-id=\"5056\" class=\"elementor elementor-5056\">\n\t\t\t\t\t\t\t\t\t<section class=\"elementor-section elementor-top-section elementor-element elementor-element-5a3643e elementor-hidden-desktop elementor-hidden-tablet elementor-hidden-mobile elementor-section-boxed elementor-section-height-default elementor-section-height-default\" data-id=\"5a3643e\" data-element_type=\"section\" data-settings=\"{&quot;background_background&quot;:&quot;classic&quot;}\">\n\t\t\t\t\t\t<div class=\"elementor-container elementor-column-gap-default\">\n\t\t\t\t\t<div class=\"elementor-column elementor-col-100 elementor-top-column elementor-element elementor-element-2668760\" data-id=\"2668760\" data-element_type=\"column\">\n\t\t\t<div class=\"elementor-widget-wrap elementor-element-populated\">\n\t\t\t\t\t\t\t\t<div class=\"elementor-element elementor-element-2af3ff5 elementor-align-left elementor-widget elementor-widget-breadcrumbs\" data-id=\"2af3ff5\" data-element_type=\"widget\" data-widget_type=\"breadcrumbs.default\">\n\t\t\t\t<div class=\"elementor-widget-container\">\n\t\t\t<link rel=\"stylesheet\" href=\"https:\/\/visix.fr\/wp-content\/plugins\/elementor-pro\/assets\/css\/widget-theme-elements.min.css\"><p id=\"breadcrumbs\"><span><span><a href=\"https:\/\/visix.fr\/fr\/\">Home<\/a><\/span><\/p>\t\t<\/div>\n\t\t\t\t<\/div>\n\t\t\t\t\t<\/div>\n\t\t<\/div>\n\t\t\t\t\t\t\t<\/div>\n\t\t<\/section>\n\t\t\t\t<section class=\"elementor-section elementor-top-section elementor-element elementor-element-8659e68 elementor-section-full_width elementor-section-height-default elementor-section-height-default\" data-id=\"8659e68\" data-element_type=\"section\">\n\t\t\t\t\t\t<div class=\"elementor-container elementor-column-gap-default\">\n\t\t\t\t\t<div class=\"elementor-column elementor-col-100 elementor-top-column elementor-element elementor-element-e81e815\" data-id=\"e81e815\" data-element_type=\"column\">\n\t\t\t<div class=\"elementor-widget-wrap elementor-element-populated\">\n\t\t\t\t\t\t\t\t<div class=\"elementor-element elementor-element-c66bda4 elementor-widget elementor-widget-template\" data-id=\"c66bda4\" data-element_type=\"widget\" data-widget_type=\"template.default\">\n\t\t\t\t<div class=\"elementor-widget-container\">\n\t\t\t\t\t<div class=\"elementor-template\">\n\t\t\t\t\t<div data-elementor-type=\"section\" data-elementor-id=\"362\" class=\"elementor elementor-362\">\n\t\t\t\t\t\t\t\t<section class=\"elementor-section elementor-top-section elementor-element elementor-element-18474046 elementor-section-boxed elementor-section-height-default elementor-section-height-default\" data-id=\"18474046\" data-element_type=\"section\" data-settings=\"{&quot;background_background&quot;:&quot;classic&quot;}\">\n\t\t\t\t\t\t<div class=\"elementor-container elementor-column-gap-default\">\n\t\t\t\t\t<div class=\"elementor-column elementor-col-100 elementor-top-column elementor-element elementor-element-68b15ef9\" data-id=\"68b15ef9\" data-element_type=\"column\">\n\t\t\t<div class=\"elementor-widget-wrap elementor-element-populated\">\n\t\t\t\t\t\t\t\t<div class=\"elementor-element elementor-element-566ed32b elementor-align-left elementor-widget elementor-widget-breadcrumbs\" data-id=\"566ed32b\" data-element_type=\"widget\" data-widget_type=\"breadcrumbs.default\">\n\t\t\t\t<div class=\"elementor-widget-container\">\n\t\t\t<p id=\"breadcrumbs\"><span><span><a href=\"https:\/\/visix.fr\/fr\/\">Home<\/a><\/span><\/p>\t\t<\/div>\n\t\t\t\t<\/div>\n\t\t\t\t\t<\/div>\n\t\t<\/div>\n\t\t\t\t\t\t\t<\/div>\n\t\t<\/section>\n\t\t\t\t\t\t<\/div>\n\t\t\t\t<\/div>\n\t\t\t\t<\/div>\n\t\t\t\t<\/div>\n\t\t\t\t\t<\/div>\n\t\t<\/div>\n\t\t\t\t\t\t\t<\/div>\n\t\t<\/section>\n\t\t\t\t<section class=\"elementor-section elementor-top-section elementor-element elementor-element-ae9a305 elementor-section-boxed elementor-section-height-default elementor-section-height-default\" data-id=\"ae9a305\" data-element_type=\"section\">\n\t\t\t\t\t\t<div class=\"elementor-container elementor-column-gap-default\">\n\t\t\t\t\t<div class=\"elementor-column elementor-col-100 elementor-top-column elementor-element elementor-element-8afeb43\" data-id=\"8afeb43\" data-element_type=\"column\">\n\t\t\t<div class=\"elementor-widget-wrap elementor-element-populated\">\n\t\t\t\t\t\t\t\t<div class=\"elementor-element elementor-element-d471246 elementor-nav-menu__align-left elementor-nav-menu--dropdown-none elementor-widget elementor-widget-nav-menu\" data-id=\"d471246\" data-element_type=\"widget\" data-settings=\"{&quot;layout&quot;:&quot;horizontal&quot;,&quot;submenu_icon&quot;:{&quot;value&quot;:&quot;&lt;i class=\\&quot;fas fa-caret-down\\&quot;&gt;&lt;\\\/i&gt;&quot;,&quot;library&quot;:&quot;fa-solid&quot;}}\" data-widget_type=\"nav-menu.default\">\n\t\t\t\t<div class=\"elementor-widget-container\">\n\t\t\t<link rel=\"stylesheet\" href=\"https:\/\/visix.fr\/wp-content\/plugins\/elementor-pro\/assets\/css\/widget-nav-menu.min.css\">\t\t\t<nav migration_allowed=\"1\" migrated=\"0\" class=\"elementor-nav-menu--main elementor-nav-menu__container elementor-nav-menu--layout-horizontal e--pointer-underline e--animation-fade\">\n\t\t\t\t<ul id=\"menu-1-d471246\" class=\"elementor-nav-menu\"><li class=\"menu-item menu-item-type-post_type menu-item-object-page menu-item-9267\"><a href=\"https:\/\/visix.fr\/fr\/blog\/\" class=\"elementor-item\">Tous les articles<\/a><\/li>\n<li class=\"menu-item menu-item-type-taxonomy menu-item-object-category menu-item-9261\"><a href=\"https:\/\/visix.fr\/fr\/.\/blog\/brandshiners\/\" class=\"elementor-item\">Brandshiners<\/a><\/li>\n<li class=\"menu-item menu-item-type-taxonomy menu-item-object-category menu-item-9262\"><a href=\"https:\/\/visix.fr\/fr\/.\/blog\/evenements\/\" class=\"elementor-item\">Ev\u00e9nements<\/a><\/li>\n<li class=\"menu-item menu-item-type-taxonomy menu-item-object-category menu-item-9263\"><a href=\"https:\/\/visix.fr\/fr\/.\/blog\/outdoor\/\" class=\"elementor-item\">Ext\u00e9rieur<\/a><\/li>\n<li class=\"menu-item menu-item-type-taxonomy menu-item-object-category menu-item-9264\"><a href=\"https:\/\/visix.fr\/fr\/.\/blog\/indoor\/\" class=\"elementor-item\">Interi\u00ebur<\/a><\/li>\n<li class=\"menu-item menu-item-type-taxonomy menu-item-object-category menu-item-9265\"><a href=\"https:\/\/visix.fr\/fr\/.\/blog\/partenariat\/\" class=\"elementor-item\">Partenariat<\/a><\/li>\n<li class=\"menu-item menu-item-type-taxonomy menu-item-object-category menu-item-9266\"><a href=\"https:\/\/visix.fr\/fr\/.\/blog\/trucs-astuces\/\" class=\"elementor-item\">Trucs &amp; Astuces<\/a><\/li>\n<li class=\"menu-item menu-item-type-taxonomy menu-item-object-category menu-item-9421\"><a href=\"https:\/\/visix.fr\/fr\/.\/blog\/dernieres-realisations\/\" class=\"elementor-item\">R\u00e9alisations<\/a><\/li>\n<\/ul>\t\t\t<\/nav>\n\t\t\t\t\t<div class=\"elementor-menu-toggle\" role=\"button\" tabindex=\"0\" aria-label=\"Permuter le menu\" aria-expanded=\"false\">\n\t\t\t<i aria-hidden=\"true\" role=\"presentation\" class=\"elementor-menu-toggle__icon--open eicon-menu-bar\"><\/i><i aria-hidden=\"true\" role=\"presentation\" class=\"elementor-menu-toggle__icon--close eicon-close\"><\/i>\t\t\t<span class=\"elementor-screen-only\">Menu<\/span>\n\t\t<\/div>\n\t\t\t<nav class=\"elementor-nav-menu--dropdown elementor-nav-menu__container\" aria-hidden=\"true\">\n\t\t\t\t<ul id=\"menu-2-d471246\" class=\"elementor-nav-menu\"><li class=\"menu-item menu-item-type-post_type menu-item-object-page menu-item-9267\"><a href=\"https:\/\/visix.fr\/fr\/blog\/\" class=\"elementor-item\" tabindex=\"-1\">Tous les articles<\/a><\/li>\n<li class=\"menu-item menu-item-type-taxonomy menu-item-object-category menu-item-9261\"><a href=\"https:\/\/visix.fr\/fr\/.\/blog\/brandshiners\/\" class=\"elementor-item\" tabindex=\"-1\">Brandshiners<\/a><\/li>\n<li class=\"menu-item menu-item-type-taxonomy menu-item-object-category menu-item-9262\"><a href=\"https:\/\/visix.fr\/fr\/.\/blog\/evenements\/\" class=\"elementor-item\" tabindex=\"-1\">Ev\u00e9nements<\/a><\/li>\n<li class=\"menu-item menu-item-type-taxonomy menu-item-object-category menu-item-9263\"><a href=\"https:\/\/visix.fr\/fr\/.\/blog\/outdoor\/\" class=\"elementor-item\" tabindex=\"-1\">Ext\u00e9rieur<\/a><\/li>\n<li class=\"menu-item menu-item-type-taxonomy menu-item-object-category menu-item-9264\"><a href=\"https:\/\/visix.fr\/fr\/.\/blog\/indoor\/\" class=\"elementor-item\" tabindex=\"-1\">Interi\u00ebur<\/a><\/li>\n<li class=\"menu-item menu-item-type-taxonomy menu-item-object-category menu-item-9265\"><a href=\"https:\/\/visix.fr\/fr\/.\/blog\/partenariat\/\" class=\"elementor-item\" tabindex=\"-1\">Partenariat<\/a><\/li>\n<li class=\"menu-item menu-item-type-taxonomy menu-item-object-category menu-item-9266\"><a href=\"https:\/\/visix.fr\/fr\/.\/blog\/trucs-astuces\/\" class=\"elementor-item\" tabindex=\"-1\">Trucs &amp; Astuces<\/a><\/li>\n<li class=\"menu-item menu-item-type-taxonomy menu-item-object-category menu-item-9421\"><a href=\"https:\/\/visix.fr\/fr\/.\/blog\/dernieres-realisations\/\" class=\"elementor-item\" tabindex=\"-1\">R\u00e9alisations<\/a><\/li>\n<\/ul>\t\t\t<\/nav>\n\t\t\t\t<\/div>\n\t\t\t\t<\/div>\n\t\t\t\t<div class=\"elementor-element elementor-element-36cd90d elementor-grid-4 elementor-grid-tablet-2 elementor-grid-mobile-1 elementor-posts--thumbnail-top elementor-widget elementor-widget-posts\" data-id=\"36cd90d\" data-element_type=\"widget\" data-settings=\"{&quot;classic_columns&quot;:&quot;4&quot;,&quot;classic_columns_tablet&quot;:&quot;2&quot;,&quot;classic_columns_mobile&quot;:&quot;1&quot;,&quot;classic_row_gap&quot;:{&quot;unit&quot;:&quot;px&quot;,&quot;size&quot;:35,&quot;sizes&quot;:[]},&quot;classic_row_gap_tablet&quot;:{&quot;unit&quot;:&quot;px&quot;,&quot;size&quot;:&quot;&quot;,&quot;sizes&quot;:[]},&quot;classic_row_gap_mobile&quot;:{&quot;unit&quot;:&quot;px&quot;,&quot;size&quot;:&quot;&quot;,&quot;sizes&quot;:[]}}\" data-widget_type=\"posts.classic\">\n\t\t\t\t<div class=\"elementor-widget-container\">\n\t\t\t<link rel=\"stylesheet\" href=\"https:\/\/visix.fr\/wp-content\/plugins\/elementor-pro\/assets\/css\/widget-posts.min.css\">\t\t<div class=\"elementor-posts-container elementor-posts elementor-posts--skin-classic elementor-grid\">\n\t\t\t\t<article class=\"elementor-post elementor-grid-item post-6961 post type-post status-publish format-standard has-post-thumbnail hentry category-brandshiners category-dernieres-realisations category-indoor\">\n\t\t\t\t<a class=\"elementor-post__thumbnail__link\" href=\"https:\/\/visix.fr\/fr\/blog\/brandshiners\/mielle-professional-nouveau-style\/\" >\n\t\t\t<div class=\"elementor-post__thumbnail\"><img loading=\"lazy\" decoding=\"async\" width=\"1536\" height=\"512\" src=\"https:\/\/visix.fr\/wp-content\/uploads\/2020\/12\/lab-visuall_1-1536x512.jpg\" class=\"attachment-1536x1536 size-1536x1536 wp-image-5364\" alt=\"\" srcset=\"https:\/\/visix.fr\/wp-content\/uploads\/2020\/12\/lab-visuall_1-1536x512.jpg 1536w, https:\/\/visix.fr\/wp-content\/uploads\/2020\/12\/lab-visuall_1-300x100.jpg 300w, https:\/\/visix.fr\/wp-content\/uploads\/2020\/12\/lab-visuall_1-1024x341.jpg 1024w, https:\/\/visix.fr\/wp-content\/uploads\/2020\/12\/lab-visuall_1-768x256.jpg 768w, https:\/\/visix.fr\/wp-content\/uploads\/2020\/12\/lab-visuall_1.jpg 1920w\" sizes=\"(max-width: 1536px) 100vw, 1536px\" \/><\/div>\n\t\t<\/a>\n\t\t\t\t<div class=\"elementor-post__text\">\n\t\t\t\t<h3 class=\"elementor-post__title\">\n\t\t\t<a href=\"https:\/\/visix.fr\/fr\/blog\/brandshiners\/mielle-professional-nouveau-style\/\" >\n\t\t\t\tMielle Professional &#8211; Nouveau style\t\t\t<\/a>\n\t\t<\/h3>\n\t\t\t\t<div class=\"elementor-post__excerpt\">\n\t\t\t<p>Notre mat\u00e9riel de PLV mobile \u00e9tait obsol\u00e8te et nous avons choisi de d\u00e9ployer des \u00e9crans LED mobiles #VISIX. Lors de la visite de la salle<\/p>\n\t\t<\/div>\n\t\t\n\t\t<a class=\"elementor-post__read-more\" href=\"https:\/\/visix.fr\/fr\/blog\/brandshiners\/mielle-professional-nouveau-style\/\" >\n\t\t\tLire plus \u00bb\t\t<\/a>\n\n\t\t\t\t<\/div>\n\t\t\t\t<\/article>\n\t\t\t\t<article class=\"elementor-post elementor-grid-item post-6983 post type-post status-publish format-standard has-post-thumbnail hentry category-brandshiners category-dernieres-realisations\">\n\t\t\t\t<a class=\"elementor-post__thumbnail__link\" href=\"https:\/\/visix.fr\/fr\/blog\/brandshiners\/omg-van-eyck-was-here-exposition\/\" >\n\t\t\t<div class=\"elementor-post__thumbnail\"><img loading=\"lazy\" decoding=\"async\" width=\"1536\" height=\"512\" src=\"https:\/\/visix.fr\/wp-content\/uploads\/2020\/02\/van-eyck-paalbaniers-01-01-1536x512.jpg\" class=\"attachment-1536x1536 size-1536x1536 wp-image-6056\" alt=\"\" srcset=\"https:\/\/visix.fr\/wp-content\/uploads\/2020\/02\/van-eyck-paalbaniers-01-01-1536x512.jpg 1536w, https:\/\/visix.fr\/wp-content\/uploads\/2020\/02\/van-eyck-paalbaniers-01-01-300x100.jpg 300w, https:\/\/visix.fr\/wp-content\/uploads\/2020\/02\/van-eyck-paalbaniers-01-01-1024x341.jpg 1024w, https:\/\/visix.fr\/wp-content\/uploads\/2020\/02\/van-eyck-paalbaniers-01-01-768x256.jpg 768w, https:\/\/visix.fr\/wp-content\/uploads\/2020\/02\/van-eyck-paalbaniers-01-01.jpg 1920w\" sizes=\"(max-width: 1536px) 100vw, 1536px\" \/><\/div>\n\t\t<\/a>\n\t\t\t\t<div class=\"elementor-post__text\">\n\t\t\t\t<h3 class=\"elementor-post__title\">\n\t\t\t<a href=\"https:\/\/visix.fr\/fr\/blog\/brandshiners\/omg-van-eyck-was-here-exposition\/\" >\n\t\t\t\tOMG! Van Eyck was here exposition\t\t\t<\/a>\n\t\t<\/h3>\n\t\t\t\t<div class=\"elementor-post__excerpt\">\n\t\t\t<p>OMG! Van Eyck En 2020, Gand rendra hommage \u00e0 son grand ma\u00eetre flamand. Gand et l&#8217;Agneau de Dieu sont inextricablement li\u00e9s. La ville, avec le<\/p>\n\t\t<\/div>\n\t\t\n\t\t<a class=\"elementor-post__read-more\" href=\"https:\/\/visix.fr\/fr\/blog\/brandshiners\/omg-van-eyck-was-here-exposition\/\" >\n\t\t\tLire plus \u00bb\t\t<\/a>\n\n\t\t\t\t<\/div>\n\t\t\t\t<\/article>\n\t\t\t\t<\/div>\n\t\t\n\t\t\t\t<\/div>\n\t\t\t\t<\/div>\n\t\t\t\t\t<\/div>\n\t\t<\/div>\n\t\t\t\t\t\t\t<\/div>\n\t\t<\/section>\n\t\t\t\t<section class=\"elementor-section elementor-top-section elementor-element elementor-element-beb08ae elementor-section-boxed elementor-section-height-default elementor-section-height-default\" data-id=\"beb08ae\" data-element_type=\"section\">\n\t\t\t\t\t\t<div class=\"elementor-container elementor-column-gap-default\">\n\t\t\t\t\t<div class=\"elementor-column elementor-col-100 elementor-top-column elementor-element elementor-element-503e0de\" data-id=\"503e0de\" data-element_type=\"column\">\n\t\t\t<div class=\"elementor-widget-wrap elementor-element-populated\">\n\t\t\t\t\t\t\t\t<div class=\"elementor-element elementor-element-53d3157 elementor-widget elementor-widget-spacer\" data-id=\"53d3157\" data-element_type=\"widget\" data-widget_type=\"spacer.default\">\n\t\t\t\t<div class=\"elementor-widget-container\">\n\t\t\t<style>\/*! elementor - v3.11.5 - 14-03-2023 *\/\n.elementor-column .elementor-spacer-inner{height:var(--spacer-size)}.e-con{--container-widget-width:100%}.e-con-inner>.elementor-widget-spacer,.e-con>.elementor-widget-spacer{width:var(--container-widget-width,var(--spacer-size));--align-self:var(--container-widget-align-self,initial);--flex-shrink:0}.e-con-inner>.elementor-widget-spacer>.elementor-widget-container,.e-con-inner>.elementor-widget-spacer>.elementor-widget-container>.elementor-spacer,.e-con>.elementor-widget-spacer>.elementor-widget-container,.e-con>.elementor-widget-spacer>.elementor-widget-container>.elementor-spacer{height:100%}.e-con-inner>.elementor-widget-spacer>.elementor-widget-container>.elementor-spacer>.elementor-spacer-inner,.e-con>.elementor-widget-spacer>.elementor-widget-container>.elementor-spacer>.elementor-spacer-inner{height:var(--container-widget-height,var(--spacer-size))}<\/style>\t\t<div class=\"elementor-spacer\">\n\t\t\t<div class=\"elementor-spacer-inner\"><\/div>\n\t\t<\/div>\n\t\t\t\t<\/div>\n\t\t\t\t<\/div>\n\t\t\t\t\t<\/div>\n\t\t<\/div>\n\t\t\t\t\t\t\t<\/div>\n\t\t<\/section>\n\t\t\t\t\t\t\t<\/div>\n\t\t","protected":false},"excerpt":{"rendered":"","protected":false},"author":1,"featured_media":0,"parent":5046,"menu_order":0,"comment_status":"closed","ping_status":"closed","template":"elementor_header_footer","meta":{"content-type":"","footnotes":""},"yoast_head":"<!-- This site is optimized with the Yoast SEO plugin v19.11 - https:\/\/yoast.com\/wordpress\/plugins\/seo\/ -->\n<title>Derni\u00e8res r\u00e9alisations | Visix<\/title>\n<meta name=\"robots\" content=\"index, follow, max-snippet:-1, max-image-preview:large, max-video-preview:-1\" \/>\n<link rel=\"canonical\" href=\"https:\/\/visix.fr\/fr\/blog\/dernieres-realisations\/\" \/>\n<meta property=\"og:locale\" content=\"fr_FR\" \/>\n<meta property=\"og:type\" content=\"article\" \/>\n<meta property=\"og:title\" content=\"Derni\u00e8res r\u00e9alisations | Visix\" \/>\n<meta property=\"og:url\" content=\"https:\/\/visix.fr\/fr\/blog\/dernieres-realisations\/\" \/>\n<meta property=\"og:site_name\" content=\"Visix\" \/>\n<meta property=\"article:modified_time\" content=\"2023-12-22T10:27:37+00:00\" \/>\n<meta name=\"twitter:card\" content=\"summary_large_image\" \/>\n<script type=\"application\/ld+json\" class=\"yoast-schema-graph\">{\"@context\":\"https:\/\/schema.org\",\"@graph\":[{\"@type\":\"WebPage\",\"@id\":\"https:\/\/visix.fr\/fr\/blog\/dernieres-realisations\/\",\"url\":\"https:\/\/visix.fr\/fr\/blog\/dernieres-realisations\/\",\"name\":\"Derni\u00e8res r\u00e9alisations | Visix\",\"isPartOf\":{\"@id\":\"https:\/\/visix.fr\/fr\/#website\"},\"datePublished\":\"2023-03-24T14:25:49+00:00\",\"dateModified\":\"2023-12-22T10:27:37+00:00\",\"breadcrumb\":{\"@id\":\"https:\/\/visix.fr\/fr\/blog\/dernieres-realisations\/#breadcrumb\"},\"inLanguage\":\"fr-FR\",\"potentialAction\":[{\"@type\":\"ReadAction\",\"target\":[\"https:\/\/visix.fr\/fr\/blog\/dernieres-realisations\/\"]}]},{\"@type\":\"BreadcrumbList\",\"@id\":\"https:\/\/visix.fr\/fr\/blog\/dernieres-realisations\/#breadcrumb\",\"itemListElement\":[{\"@type\":\"ListItem\",\"position\":1,\"name\":\"Home\",\"item\":\"https:\/\/visix.fr\/fr\/\"},{\"@type\":\"ListItem\",\"position\":2,\"name\":\"Blog\",\"item\":\"https:\/\/visix.fr\/fr\/blog\/\"},{\"@type\":\"ListItem\",\"position\":3,\"name\":\"Derni\u00e8res r\u00e9alisations\"}]},{\"@type\":\"WebSite\",\"@id\":\"https:\/\/visix.fr\/fr\/#website\",\"url\":\"https:\/\/visix.fr\/fr\/\",\"name\":\"Visix\",\"description\":\"We make your brand shine\",\"publisher\":{\"@id\":\"https:\/\/visix.fr\/fr\/#organization\"},\"potentialAction\":[{\"@type\":\"SearchAction\",\"target\":{\"@type\":\"EntryPoint\",\"urlTemplate\":\"https:\/\/visix.fr\/fr\/?s={search_term_string}\"},\"query-input\":\"required name=search_term_string\"}],\"inLanguage\":\"fr-FR\"},{\"@type\":\"Organization\",\"@id\":\"https:\/\/visix.fr\/fr\/#organization\",\"name\":\"Visix\",\"url\":\"https:\/\/visix.fr\/fr\/\",\"logo\":{\"@type\":\"ImageObject\",\"inLanguage\":\"fr-FR\",\"@id\":\"https:\/\/visix.fr\/fr\/#\/schema\/logo\/image\/\",\"url\":\"https:\/\/visix.fr\/wp-content\/uploads\/2022\/11\/LOGO_PMS_Visix_Brand-Shiners_Registered-04.svg\",\"contentUrl\":\"https:\/\/visix.fr\/wp-content\/uploads\/2022\/11\/LOGO_PMS_Visix_Brand-Shiners_Registered-04.svg\",\"width\":203,\"height\":39,\"caption\":\"Visix\"},\"image\":{\"@id\":\"https:\/\/visix.fr\/fr\/#\/schema\/logo\/image\/\"}}]}<\/script>\n<!-- \/ Yoast SEO plugin. -->","yoast_head_json":{"title":"Derni\u00e8res r\u00e9alisations | Visix","robots":{"index":"index","follow":"follow","max-snippet":"max-snippet:-1","max-image-preview":"max-image-preview:large","max-video-preview":"max-video-preview:-1"},"canonical":"https:\/\/visix.fr\/fr\/blog\/dernieres-realisations\/","og_locale":"fr_FR","og_type":"article","og_title":"Derni\u00e8res r\u00e9alisations | Visix","og_url":"https:\/\/visix.fr\/fr\/blog\/dernieres-realisations\/","og_site_name":"Visix","article_modified_time":"2023-12-22T10:27:37+00:00","twitter_card":"summary_large_image","schema":{"@context":"https:\/\/schema.org","@graph":[{"@type":"WebPage","@id":"https:\/\/visix.fr\/fr\/blog\/dernieres-realisations\/","url":"https:\/\/visix.fr\/fr\/blog\/dernieres-realisations\/","name":"Derni\u00e8res r\u00e9alisations | Visix","isPartOf":{"@id":"https:\/\/visix.fr\/fr\/#website"},"datePublished":"2023-03-24T14:25:49+00:00","dateModified":"2023-12-22T10:27:37+00:00","breadcrumb":{"@id":"https:\/\/visix.fr\/fr\/blog\/dernieres-realisations\/#breadcrumb"},"inLanguage":"fr-FR","potentialAction":[{"@type":"ReadAction","target":["https:\/\/visix.fr\/fr\/blog\/dernieres-realisations\/"]}]},{"@type":"BreadcrumbList","@id":"https:\/\/visix.fr\/fr\/blog\/dernieres-realisations\/#breadcrumb","itemListElement":[{"@type":"ListItem","position":1,"name":"Home","item":"https:\/\/visix.fr\/fr\/"},{"@type":"ListItem","position":2,"name":"Blog","item":"https:\/\/visix.fr\/fr\/blog\/"},{"@type":"ListItem","position":3,"name":"Derni\u00e8res r\u00e9alisations"}]},{"@type":"WebSite","@id":"https:\/\/visix.fr\/fr\/#website","url":"https:\/\/visix.fr\/fr\/","name":"Visix","description":"We make your brand shine","publisher":{"@id":"https:\/\/visix.fr\/fr\/#organization"},"potentialAction":[{"@type":"SearchAction","target":{"@type":"EntryPoint","urlTemplate":"https:\/\/visix.fr\/fr\/?s={search_term_string}"},"query-input":"required name=search_term_string"}],"inLanguage":"fr-FR"},{"@type":"Organization","@id":"https:\/\/visix.fr\/fr\/#organization","name":"Visix","url":"https:\/\/visix.fr\/fr\/","logo":{"@type":"ImageObject","inLanguage":"fr-FR","@id":"https:\/\/visix.fr\/fr\/#\/schema\/logo\/image\/","url":"https:\/\/visix.fr\/wp-content\/uploads\/2022\/11\/LOGO_PMS_Visix_Brand-Shiners_Registered-04.svg","contentUrl":"https:\/\/visix.fr\/wp-content\/uploads\/2022\/11\/LOGO_PMS_Visix_Brand-Shiners_Registered-04.svg","width":203,"height":39,"caption":"Visix"},"image":{"@id":"https:\/\/visix.fr\/fr\/#\/schema\/logo\/image\/"}}]}},"_links":{"self":[{"href":"https:\/\/visix.fr\/fr\/wp-json\/wp\/v2\/pages\/5056"}],"collection":[{"href":"https:\/\/visix.fr\/fr\/wp-json\/wp\/v2\/pages"}],"about":[{"href":"https:\/\/visix.fr\/fr\/wp-json\/wp\/v2\/types\/page"}],"author":[{"embeddable":true,"href":"https:\/\/visix.fr\/fr\/wp-json\/wp\/v2\/users\/1"}],"replies":[{"embeddable":true,"href":"https:\/\/visix.fr\/fr\/wp-json\/wp\/v2\/comments?post=5056"}],"version-history":[{"count":8,"href":"https:\/\/visix.fr\/fr\/wp-json\/wp\/v2\/pages\/5056\/revisions"}],"predecessor-version":[{"id":9420,"href":"https:\/\/visix.fr\/fr\/wp-json\/wp\/v2\/pages\/5056\/revisions\/9420"}],"up":[{"embeddable":true,"href":"https:\/\/visix.fr\/fr\/wp-json\/wp\/v2\/pages\/5046"}],"wp:attachment":[{"href":"https:\/\/visix.fr\/fr\/wp-json\/wp\/v2\/media?parent=5056"}],"curies":[{"name":"wp","href":"https:\/\/api.w.org\/{rel}","templated":true}]}}